{"id":1249,"date":"2021-06-19T16:17:12","date_gmt":"2021-06-19T13:17:12","guid":{"rendered":"https:\/\/alternatifegitimciler.com\/hesabim\/"},"modified":"2021-06-19T16:17:12","modified_gmt":"2021-06-19T13:17:12","slug":"hesabim","status":"publish","type":"page","link":"https:\/\/alternatifegitimciler.com\/?page_id=1249","title":{"rendered":"Hesab\u0131m"},"content":{"rendered":"<div class=\"woocommerce\"><div class=\"woocommerce-notices-wrapper\"><\/div>\n<div class=\"col2-set display-flex\" id=\"customer_login\">\n\n \t<div class=\"col-1 login-area\" id=\"woo-login-area\">\n\n\t\t<h2>Giri\u015f yap<\/h2>\n\n\t\t<form method=\"post\" class=\"login\">\n\n\t\t\t\n\t\t\t<p class=\"form-row form-row-wide\">\n\t\t\t\t<input type=\"text\" class=\"input-text\" name=\"username\" id=\"username\" autocomplete=\"username\"\n\t\t\t\t\t   placeholder=\"Kullan\u0131c\u0131 ad\u0131 ya da e-posta adresi\"\n\t\t\t\t\t   value=\"\" aria-label=\"Kullan\u0131c\u0131 ad\u0131 ya da e-posta adresi\"\/>\n\t\t\t<\/p>\n\n\t\t\t<p class=\"form-row form-row-wide\">\n\t\t\t\t<input class=\"input-text\" type=\"password\" name=\"password\" id=\"password\" autocomplete=\"current-password\"  placeholder=\"Parola\" aria-label=\"Parola\"\/>\n\t\t\t<\/p>\n\n\t\t\t<div class=\"g-recaptcha\" style=\"transform: scale(0.9); -webkit-transform: scale(0.9); transform-origin: 0 0; -webkit-transform-origin: 0 0;\" data-sitekey=\"6LfHDvcqAAAAAHaRb36sRpPaKRixhjLCSI9v3ynv\"><\/div><script>\r\n                    function wpcaptcha_captcha_refresh() {\r\n                        grecaptcha.reset();\r\n                    }\r\n\r\n                    jQuery(document.body).on(\"checkout_error\", function(){\r\n                        setTimeout(wpcaptcha_captcha_refresh, 50);\r\n                    });\r\n\r\n                    jQuery(document.body).on(\"updated_checkout\", function(){\r\n                        setTimeout(wpcaptcha_captcha_refresh, 50);\r\n                    });\r\n                <\/script><script src='https:\/\/www.google.com\/recaptcha\/api.js?ver=1.32' id='wpcaptcha-recaptcha-js'><\/script>\n\t\t\t<div class=\"row\">\n\t\t\t\t<div class=\"col-xs-6 remember\">\n\t\t\t\t\t<label for=\"rememberme\" class=\"inline\">\n\t\t\t\t\t\t<input name=\"rememberme\" type=\"checkbox\" id=\"rememberme\"\n\t\t\t\t\t\t\t   value=\"forever\"\/> Beni hat\u0131rla\t\t\t\t\t<\/label>\n\t\t\t\t<\/div>\n\n\t\t\t\t<div class=\"col-xs-6 lost-password\">\n\t\t\t\t\t<p class=\"lost_password\">\n\t\t\t\t\t\t<a href=\"https:\/\/alternatifegitimciler.com\/?page_id=1249&#038;lost-password\">Parolan\u0131z\u0131 m\u0131 unuttunuz?<\/a>\n\t\t\t\t\t<\/p>\n\t\t\t\t<\/div>\n\t\t\t<\/div>\n\n\t\t\t<p class=\"form-row\">\n\t\t\t\t<input type=\"hidden\" id=\"woocommerce-login-nonce\" name=\"woocommerce-login-nonce\" value=\"0e384c5d06\" \/><input type=\"hidden\" name=\"_wp_http_referer\" value=\"\/index.php?rest_route=%2Fwp%2Fv2%2Fpages%2F1249\" \/>\t\t\t\t<input type=\"submit\" class=\"button\" name=\"login\" value=\"Giri\u015f yap\"\/>\n\t\t\t<\/p>\n\n\t\t\t\n\t\t<\/form>\n\n\t<\/div>\n\t\t<div class=\"col-2 register-area\" id=\"woo-register-area\">\n\n\t\t<h2 class=\"title\">Kay\u0131t ol<\/h2>\n\n\t\t<form method=\"post\" class=\"register\"  >\n\n\t\t\t\n\t\t\t\n\t\t\t<p class=\"form-row form-row-wide\">\n\t\t\t\t<input type=\"email\" class=\"input-text\" name=\"email\" id=\"reg_email\"\n\t\t\t\t\t   placeholder=\"E-posta adresi\" autocomplete=\"email\" value=\"\" aria-label=\"E-posta adresi\"\/>\n\t\t\t<\/p>\n\n\t\t\t\n\t\t\t\t<p>Yeni parola olu\u015fturman\u0131z i\u00e7in e-posta adresinize bir ba\u011flant\u0131 g\u00f6nderilecek.<\/p>\n\n\t\t\t\n\t\t\t<div class=\"g-recaptcha\" style=\"transform: scale(0.9); -webkit-transform: scale(0.9); transform-origin: 0 0; -webkit-transform-origin: 0 0;\" data-sitekey=\"6LfHDvcqAAAAAHaRb36sRpPaKRixhjLCSI9v3ynv\"><\/div><script>\r\n                    function wpcaptcha_captcha_refresh() {\r\n                        grecaptcha.reset();\r\n                    }\r\n\r\n                    jQuery(document.body).on(\"checkout_error\", function(){\r\n                        setTimeout(wpcaptcha_captcha_refresh, 50);\r\n                    });\r\n\r\n                    jQuery(document.body).on(\"updated_checkout\", function(){\r\n                        setTimeout(wpcaptcha_captcha_refresh, 50);\r\n                    });\r\n                <\/script><script src='https:\/\/www.google.com\/recaptcha\/api.js?ver=1.32' id='wpcaptcha-recaptcha-js'><\/script><wc-order-attribution-inputs><\/wc-order-attribution-inputs><div class=\"woocommerce-privacy-policy-text\"><p>Ki\u015fisel verileriniz bu web sitesindeki deneyiminizi desteklemek, hesab\u0131n\u0131za eri\u015fimi y\u00f6netmek ve <a href=\"https:\/\/alternatifegitimciler.com\/?page_id=3\" class=\"woocommerce-privacy-policy-link\" target=\"_blank\">gizlilik ilkesi<\/a> sayfam\u0131zda a\u00e7\u0131klanan di\u011fer ama\u00e7lar i\u00e7in kullan\u0131lacakt\u0131r.<\/p>\n<\/div>\t\t\t<div class=\"g-recaptcha\" style=\"transform: scale(0.9); -webkit-transform: scale(0.9); transform-origin: 0 0; -webkit-transform-origin: 0 0;\" data-sitekey=\"6LfHDvcqAAAAAHaRb36sRpPaKRixhjLCSI9v3ynv\"><\/div><script>\r\n                    function wpcaptcha_captcha_refresh() {\r\n                        grecaptcha.reset();\r\n                    }\r\n\r\n                    jQuery(document.body).on(\"checkout_error\", function(){\r\n                        setTimeout(wpcaptcha_captcha_refresh, 50);\r\n                    });\r\n\r\n                    jQuery(document.body).on(\"updated_checkout\", function(){\r\n                        setTimeout(wpcaptcha_captcha_refresh, 50);\r\n                    });\r\n                <\/script>\n\t\t\t<p class=\"form-row\">\n\t\t\t\t<input type=\"hidden\" id=\"woocommerce-register-nonce\" name=\"woocommerce-register-nonce\" value=\"bb9f215fe6\" \/><input type=\"hidden\" name=\"_wp_http_referer\" value=\"\/index.php?rest_route=%2Fwp%2Fv2%2Fpages%2F1249\" \/>\t\t\t\t<input type=\"submit\" class=\"button\" name=\"register\"\n\t\t\t\t\t   value=\"Kay\u0131t ol\" aria-label=\"Kay\u0131t ol\"\/>\n\t\t\t<\/p>\n\n \t\t\t\n\t\t<\/form>\n\n\t<\/div>\n\n<\/div>\n\n<\/div>\n","protected":false},"excerpt":{"rendered":"","protected":false},"author":65,"featured_media":0,"parent":0,"menu_order":0,"comment_status":"closed","ping_status":"closed","template":"","meta":{"footnotes":""},"class_list":["post-1249","page","type-page","status-publish","hentry"],"_links":{"self":[{"href":"https:\/\/alternatifegitimciler.com\/index.php?rest_route=\/wp\/v2\/pages\/1249","targetHints":{"allow":["GET"]}}],"collection":[{"href":"https:\/\/alternatifegitimciler.com\/index.php?rest_route=\/wp\/v2\/pages"}],"about":[{"href":"https:\/\/alternatifegitimciler.com\/index.php?rest_route=\/wp\/v2\/types\/page"}],"author":[{"embeddable":true,"href":"https:\/\/alternatifegitimciler.com\/index.php?rest_route=\/wp\/v2\/users\/65"}],"replies":[{"embeddable":true,"href":"https:\/\/alternatifegitimciler.com\/index.php?rest_route=%2Fwp%2Fv2%2Fcomments&post=1249"}],"version-history":[{"count":0,"href":"https:\/\/alternatifegitimciler.com\/index.php?rest_route=\/wp\/v2\/pages\/1249\/revisions"}],"wp:attachment":[{"href":"https:\/\/alternatifegitimciler.com\/index.php?rest_route=%2Fwp%2Fv2%2Fmedia&parent=1249"}],"curies":[{"name":"wp","href":"https:\/\/api.w.org\/{rel}","templated":true}]}}