{"id":1365,"date":"2021-08-09T23:19:21","date_gmt":"2021-08-09T20:19:21","guid":{"rendered":"https:\/\/alternatifegitimciler.com\/?page_id=1365"},"modified":"2021-08-09T23:19:21","modified_gmt":"2021-08-09T20:19:21","slug":"kvkk-formu","status":"publish","type":"page","link":"https:\/\/alternatifegitimciler.com\/?page_id=1365","title":{"rendered":"KVKK Formu"},"content":{"rendered":"<p><strong>SELCEN EL\u0130F O\u011eUZ \u2013 ALTERNAT\u0130F E\u011e\u0130T\u0130MC\u0130 (www.alternatifegitimci.com-www.alternatifegtimciler.com)<\/strong><\/p>\n<p><strong>\u00a0<\/strong><\/p>\n<p><strong>KVKK KAPSAMINDA A\u00c7IK RIZA BEYANI<\/strong><\/p>\n<p><strong>\u00a0<\/strong><\/p>\n<p>6698 say\u0131l\u0131 Ki\u015fisel Verilerin Korunmas\u0131 Kanunu (Kanun) gere\u011fince, ki\u015fisel verilerimin Selcen Elif O\u011fuz &#8211; Alternatif E\u011fitimci\/Alternatif E\u011fitimciler internet sitesi taraf\u0131ndan, hangi ama\u00e7la i\u015flenece\u011fi, i\u015flenen ki\u015fisel verilerin kimlere ve hangi ama\u00e7la aktar\u0131labilece\u011fi, ki\u015fisel veri toplaman\u0131n y\u00f6ntemi ve hukuki sebebi ve Ki\u015fisel Verilerin Korunmas\u0131 Kanunu\u2019nun 11. maddesinde say\u0131lan di\u011fer haklar\u0131m hususlar\u0131nda a\u00e7\u0131k\u00e7a bilgilendirildim.<\/p>\n<p>Ki\u015fisel verilerimin, veri sorumlusu s\u0131fat\u0131yla Selcen Elif O\u011fuz &#8211; Alternatif E\u011fitimci\/Alternatif E\u011fitimciler internet sitesi veya gerekli g\u00fcvenlik tedbirlerini ald\u0131rmak suretiyle yetkilendirdi\u011fi veri i\u015fleyenler taraf\u0131ndan; \u00fcyelerine\/kullan\u0131c\u0131lar\u0131na sunmu\u015f oldu\u011fu \u00fcr\u00fcn ve hizmetlerini en iyi ko\u015fullar alt\u0131nda sa\u011flayabilmesi, \u00fcr\u00fcn veya hizmetlerin g\u00fcvenilir ve kesintisiz bir \u015fekilde temin edilmesi, m\u00fc\u015fteri memnuniyetinin en \u00fcst seviyeye \u00e7\u0131kar\u0131lmas\u0131, \u00f6demelerin yap\u0131lmas\u0131, s\u00f6z konusu hizmetlere ili\u015fkin \u00e7e\u015fitli i\u015flemlerin yerine getirilmesi, operasyonlar\u0131n y\u00fcr\u00fct\u00fclmesi ve geli\u015ftirilmesi, s\u00f6z konusu \u00fcr\u00fcn ve hizmetlerin veya farkl\u0131 \u00fcr\u00fcn ve hizmetlerin tan\u0131t\u0131m, pazarlama, reklam ve kampanya faaliyetlerinin yap\u0131lmas\u0131, m\u00fc\u015fterilerin f\u0131rsatlardan, kampanyalardan ve sair hizmetlerden haberdar edilmesi ve m\u00fc\u015fterilerle akdedilen s\u00f6zle\u015fmelerin gereklerinin yerine getirilmesi ama\u00e7lar\u0131yla do\u011frudan veya dolayl\u0131 olarak ilgili olan kimlik bilgilerinin, adres bilgilerinin, ileti\u015fim bilgilerinin ve sair ki\u015fisel verilerin; ba\u015fta mevzuatta \u00f6ng\u00f6r\u00fclen veya i\u015flendikleri ama\u00e7 i\u00e7in gerekli olan s\u00fcre kadar muhafaza edilme ilkesi olmak \u00fczere 6698 Say\u0131l\u0131 Ki\u015fisel Verilerin Korunmas\u0131 Kanunu\u2019nun (Kanun) 4. maddesinde ifade edilen genel ilkelere uygun \u015fekilde i\u015flenebilece\u011fini; elde edilebilece\u011fini, kaydedilebilece\u011fini, i\u015flenme amac\u0131yla uygun s\u00fcre zarf\u0131nda fiziksel veya elektronik ortamda g\u00fcvenli bir \u015fekilde depolanabilece\u011fini, muhafaza edilebilece\u011fini, de\u011fi\u015ftirilebilece\u011fini, yeniden d\u00fczenlenebilece\u011fini, mevzuata uygun bi\u00e7imde a\u00e7\u0131klanabilece\u011fini ve aktar\u0131labilece\u011fini, devral\u0131nabilece\u011fini, s\u0131n\u0131fland\u0131r\u0131labilece\u011fini, i\u015flenebilece\u011fini ya da verilerin kullan\u0131lmas\u0131n\u0131n engellenebilece\u011fini; yukar\u0131da belirtilen hususlarla ilgili olarak Selcen Elif O\u011fuz &#8211; Alternatif E\u011fitimci\/Alternatif E\u011fitimciler internet sitesi taraf\u0131ndan bilgilendirildi\u011fimi ve KVK Kanunu \u00e7er\u00e7evesinde a\u00e7\u0131k r\u0131zam bulundu\u011funu kabul ve beyan ederim.<\/p>\n<p>\u0130\u015fbu ki\u015fisel verilerimin, yukar\u0131da belirtilen ama\u00e7larla ba\u011fl\u0131 kalmak kayd\u0131yla, Selcen Elif O\u011fuz &#8211; Alternatif E\u011fitimci\/Alternatif E\u011fitimciler internet sitesi taraf\u0131ndan; Selcen Elif O\u011fuz &#8211; Alternatif E\u011fitimci\/Alternatif E\u011fitimciler internet sitesi \u00e7al\u0131\u015fanlar\u0131na, g\u00f6revlilerine, grup \u015firketlerine (\u015eirket ve\/veya i\u015f ortaklar\u0131na, hissedarlar\u0131na), kanunen yetkili kamu kurum ve kurulu\u015flar\u0131na, faaliyetlerini y\u00fcr\u00fctebilmek amac\u0131yla, hukuki zorunluluklar ve yasal s\u0131n\u0131rlamalar \u00e7er\u00e7evesinde ba\u011f\u0131ms\u0131z denetim \u015firketlerine, anket \u015firketlerine, taraf\u0131ma verilecek hizmetlerin ve\/veya faaliyetlerin y\u00fcr\u00fct\u00fclmesi i\u00e7in Selcen Elif O\u011fuz &#8211; Alternatif E\u011fitimci\/Alternatif E\u011fitimciler internet sitesi \u2019nin hizmet ald\u0131\u011f\u0131 veya birlikte \u00e7al\u0131\u015ft\u0131\u011f\u0131 i\u015f ortaklar\u0131na ve hizmet sa\u011flay\u0131c\u0131lar\u0131na aktar\u0131labilece\u011fini ve bu hususta a\u00e7\u0131k r\u0131zam oldu\u011funu kabul ve beyan ederim.<\/p>\n<p>Ayr\u0131ca, \u00a0Selcen Elif O\u011fuz &#8211; Alternatif E\u011fitimci\/Alternatif E\u011fitimciler internet sitesi ile payla\u015fm\u0131\u015f oldu\u011fum ki\u015fisel verilerin do\u011fru ve g\u00fcncel oldu\u011funu; i\u015fbu bilgilerde de\u011fi\u015fiklik olmas\u0131 halinde de\u011fi\u015fiklikleri \u015eirket?Alternatif E\u011fitimci?? Selcen Elif O\u011fuz &#8211; Alternatif E\u011fitimci\/Alternatif E\u011fitimciler internet sitesi\u2019ne en k\u0131sa s\u00fcrede bildirece\u011fimi kabul ve beyan ederim.<\/p>\n<p>\u0130\u015fbu metni, \u015eirket?Alternatif E\u011fitimci?? Ki\u015fisel Verilerin Korunmas\u0131 ve \u0130\u015flenmesine \u0130li\u015fkin Ayd\u0131nlatma Metni ve Selcen Elif O\u011fuz &#8211; Alternatif E\u011fitimci\/Alternatif E\u011fitimciler internet sitesi \u00a0Ki\u015fisel Verilerin Korunmas\u0131 ve \u0130\u015flenmesi Politikas\u0131n\u0131 okudu\u011fumu ve anlad\u0131\u011f\u0131m\u0131 kabul, beyan ve taahh\u00fct ederim.<\/p>\n","protected":false},"excerpt":{"rendered":"<p>SELCEN EL\u0130F O\u011eUZ \u2013 ALTERNAT\u0130F E\u011e\u0130T\u0130MC\u0130 (www.alternatifegitimci.com-www.alternatifegtimciler.com) \u00a0 KVKK KAPSAMINDA A\u00c7IK RIZA BEYANI \u00a0 6698 say\u0131l\u0131 Ki\u015fisel Verilerin Korunmas\u0131 Kanunu (Kanun) gere\u011fince, ki\u015fisel verilerimin Selcen Elif O\u011fuz &#8211; Alternatif E\u011fitimci\/Alternatif E\u011fitimciler internet sitesi taraf\u0131ndan, hangi ama\u00e7la i\u015flenece\u011fi, i\u015flenen ki\u015fisel verilerin &hellip; <\/p>\n","protected":false},"author":65,"featured_media":0,"parent":0,"menu_order":0,"comment_status":"closed","ping_status":"closed","template":"","meta":{"footnotes":""},"class_list":["post-1365","page","type-page","status-publish","hentry"],"_links":{"self":[{"href":"https:\/\/alternatifegitimciler.com\/index.php?rest_route=\/wp\/v2\/pages\/1365","targetHints":{"allow":["GET"]}}],"collection":[{"href":"https:\/\/alternatifegitimciler.com\/index.php?rest_route=\/wp\/v2\/pages"}],"about":[{"href":"https:\/\/alternatifegitimciler.com\/index.php?rest_route=\/wp\/v2\/types\/page"}],"author":[{"embeddable":true,"href":"https:\/\/alternatifegitimciler.com\/index.php?rest_route=\/wp\/v2\/users\/65"}],"replies":[{"embeddable":true,"href":"https:\/\/alternatifegitimciler.com\/index.php?rest_route=%2Fwp%2Fv2%2Fcomments&post=1365"}],"version-history":[{"count":1,"href":"https:\/\/alternatifegitimciler.com\/index.php?rest_route=\/wp\/v2\/pages\/1365\/revisions"}],"predecessor-version":[{"id":1366,"href":"https:\/\/alternatifegitimciler.com\/index.php?rest_route=\/wp\/v2\/pages\/1365\/revisions\/1366"}],"wp:attachment":[{"href":"https:\/\/alternatifegitimciler.com\/index.php?rest_route=%2Fwp%2Fv2%2Fmedia&parent=1365"}],"curies":[{"name":"wp","href":"https:\/\/api.w.org\/{rel}","templated":true}]}}