{"id":81,"date":"2019-02-10T21:14:35","date_gmt":"2019-02-10T18:14:35","guid":{"rendered":"http:\/\/alternatifegitimciler.com\/?page_id=81"},"modified":"2021-03-28T00:50:48","modified_gmt":"2021-03-27T21:50:48","slug":"hakkimizda","status":"publish","type":"page","link":"https:\/\/alternatifegitimciler.com\/?page_id=81","title":{"rendered":"Hakk\u0131mda"},"content":{"rendered":"\t\t<div data-elementor-type=\"wp-page\" data-elementor-id=\"81\" class=\"elementor elementor-81\" data-elementor-post-type=\"page\">\n\t\t\t\t\t\t<section class=\"elementor-section elementor-top-section elementor-element elementor-element-76de5a4d elementor-section-boxed elementor-section-height-default elementor-section-height-default\" data-id=\"76de5a4d\" data-element_type=\"section\" data-e-type=\"section\">\n\t\t\t\t\t\t<div class=\"elementor-container elementor-column-gap-default\">\n\t\t\t\t\t<div class=\"elementor-column elementor-col-100 elementor-top-column elementor-element elementor-element-2300799d\" data-id=\"2300799d\" data-element_type=\"column\" data-e-type=\"column\">\n\t\t\t<div class=\"elementor-widget-wrap elementor-element-populated\">\n\t\t\t\t\t\t<div class=\"elementor-element elementor-element-16a04898 elementor-widget elementor-widget-text-editor\" data-id=\"16a04898\" data-element_type=\"widget\" data-e-type=\"widget\" data-widget_type=\"text-editor.default\">\n\t\t\t\t<div class=\"elementor-widget-container\">\n\t\t\t\t\t\t\t\t\t<p>Hakk\u0131mda..<\/p><p><img fetchpriority=\"high\" decoding=\"async\" class=\"alignleft wp-image-137 size-medium\" src=\"https:\/\/alternatifegitimciler.com\/\/wp-content\/uploads\/2020\/01\/\u0131s\u0131nk\u0131l\u0131c-240x300.jpg\" alt=\"\" width=\"240\" height=\"300\" srcset=\"https:\/\/alternatifegitimciler.com\/wp-content\/uploads\/2020\/01\/\u0131s\u0131nk\u0131l\u0131c-240x300.jpg 240w, https:\/\/alternatifegitimciler.com\/wp-content\/uploads\/2020\/01\/\u0131s\u0131nk\u0131l\u0131c-600x750.jpg 600w, https:\/\/alternatifegitimciler.com\/wp-content\/uploads\/2020\/01\/\u0131s\u0131nk\u0131l\u0131c.jpg 768w\" sizes=\"(max-width: 240px) 100vw, 240px\" \/><\/p><p>Merhaba, ismim Elif O\u011fuz. Yakla\u015f\u0131k 20 y\u0131ld\u0131r e\u011fitim \u00fczerine \u00e7al\u0131\u015f\u0131yorum. Hatta \u00fcniversiteden \u00f6nceki y\u0131llar\u0131m\u0131 da sayarsak daha da \u00e7ok zamand\u0131r e\u011fitimle u\u011fra\u015f\u0131yorum. Ve bundan \u00e7ok keyif al\u0131yorum. Hen\u00fcz \u00e7ok k\u00fc\u00e7\u00fckken, san\u0131r\u0131m 10-12 ya\u015flar\u0131nda idim, annemle birlikte piyano dersleri verirdik. Daha do\u011frusu annem ders verirdi, ben de oralarda dururdum \u00f6nceleri. Sonra ben de \u00e7almaya ba\u015flad\u0131m. Ard\u0131ndan da ba\u015fkalar\u0131na \u00f6\u011fretmeye.. \u00d6yle ki bir s\u00fcre sonra \u00f6\u011frettiklerim benden daha iyi \u00e7almaya ba\u015flad\u0131. O zaman anlad\u0131m ki, bilmekle, \u00f6\u011fretebilmek ayn\u0131 \u015feyler de\u011filmi\u015f.<\/p><p>Sonra sevdim birilerine bir \u015feyler \u00f6\u011fretebilmeyi. \u00c7\u00fcnk\u00fc her \u00f6\u011fretti\u011fimden bir \u015feyler \u00f6\u011frendim. Onlar \u00f6\u011frendi, ama ben onlardan daha \u00e7ok \u00f6\u011frendim. \u00d6\u011frendik\u00e7e, \u00f6\u011frenmeye daha \u00e7ok merak sald\u0131m. \u0130nsan\u0131n nas\u0131l \u00f6\u011frendi\u011fini hep merak ettim.<\/p><p>Sonraki y\u0131llarda da hep e\u011fitimin i\u00e7inde oldum. \u00dcniversitede y\u00f6neticilik okudum, insan\u0131 \u00f6\u011frendim, sonra say\u0131s\u0131z e\u011fitime kat\u0131ld\u0131m, hepsinden \u00e7ok \u015fey \u00f6\u011frendim. Ama bu g\u00fcne kadar en \u00e7ok neyden \u00f6\u011frendi\u011fimi sorarsan\u0131z, en \u00e7ok insan hallerinden \u00f6\u011frendim. \u0130nsan\u0131 g\u00f6zlemek, kendine ders \u00e7\u0131karmak, en b\u00fcy\u00fck \u00f6\u011fretmen. Ve g\u00f6rd\u00fcm ki herkes ve asl\u0131nda her \u015fey birbirinin \u00f6\u011fretmeni..<\/p><div style=\"width: 100%;\"><div style=\"position: relative; padding-bottom: 100.00%; padding-top: 0; height: 0;\"><iframe style=\"position: absolute; top: 0; left: 0; width: 100%; height: 100%;\" src=\"https:\/\/view.genial.ly\/5ff44c1aebc9d10fc4748b25\" width=\"800\" height=\"800\" frameborder=\"0\" scrolling=\"yes\" allowfullscreen=\"allowfullscreen\"><\/iframe><\/div><\/div>\t\t\t\t\t\t\t\t<\/div>\n\t\t\t\t<\/div>\n\t\t\t\t\t<\/div>\n\t\t<\/div>\n\t\t\t\t\t<\/div>\n\t\t<\/section>\n\t\t\t\t<\/div>\n\t\t","protected":false},"excerpt":{"rendered":"<p>Hakk\u0131mda.. Merhaba, ismim Elif O\u011fuz. Yakla\u015f\u0131k 20 y\u0131ld\u0131r e\u011fitim \u00fczerine \u00e7al\u0131\u015f\u0131yorum. Hatta \u00fcniversiteden \u00f6nceki y\u0131llar\u0131m\u0131 da sayarsak daha da \u00e7ok zamand\u0131r e\u011fitimle u\u011fra\u015f\u0131yorum. Ve bundan \u00e7ok keyif al\u0131yorum. Hen\u00fcz \u00e7ok k\u00fc\u00e7\u00fckken, san\u0131r\u0131m 10-12 ya\u015flar\u0131nda idim, annemle birlikte piyano dersleri verirdik. &hellip; <\/p>\n","protected":false},"author":65,"featured_media":0,"parent":0,"menu_order":0,"comment_status":"closed","ping_status":"closed","template":"","meta":{"footnotes":""},"class_list":["post-81","page","type-page","status-publish","hentry"],"_links":{"self":[{"href":"https:\/\/alternatifegitimciler.com\/index.php?rest_route=\/wp\/v2\/pages\/81","targetHints":{"allow":["GET"]}}],"collection":[{"href":"https:\/\/alternatifegitimciler.com\/index.php?rest_route=\/wp\/v2\/pages"}],"about":[{"href":"https:\/\/alternatifegitimciler.com\/index.php?rest_route=\/wp\/v2\/types\/page"}],"author":[{"embeddable":true,"href":"https:\/\/alternatifegitimciler.com\/index.php?rest_route=\/wp\/v2\/users\/65"}],"replies":[{"embeddable":true,"href":"https:\/\/alternatifegitimciler.com\/index.php?rest_route=%2Fwp%2Fv2%2Fcomments&post=81"}],"version-history":[{"count":17,"href":"https:\/\/alternatifegitimciler.com\/index.php?rest_route=\/wp\/v2\/pages\/81\/revisions"}],"predecessor-version":[{"id":746,"href":"https:\/\/alternatifegitimciler.com\/index.php?rest_route=\/wp\/v2\/pages\/81\/revisions\/746"}],"wp:attachment":[{"href":"https:\/\/alternatifegitimciler.com\/index.php?rest_route=%2Fwp%2Fv2%2Fmedia&parent=81"}],"curies":[{"name":"wp","href":"https:\/\/api.w.org\/{rel}","templated":true}]}}