{"id":32625,"date":"2024-05-11T16:55:07","date_gmt":"2024-05-11T13:55:07","guid":{"rendered":"https:\/\/alternatifegitimciler.com\/?post_type=product&#038;p=32625"},"modified":"2024-05-11T17:18:43","modified_gmt":"2024-05-11T14:18:43","slug":"noroogrenme-egitimi-mayis-online","status":"publish","type":"product","link":"https:\/\/alternatifegitimciler.com\/?product=noroogrenme-egitimi-mayis-online","title":{"rendered":"N\u00d6RO\u00d6\u011eRENME E\u011e\u0130T\u0130M\u0130 MAYIS (ONLINE)"},"content":{"rendered":"\t\t<div data-elementor-type=\"product-post\" data-elementor-id=\"32625\" class=\"elementor elementor-32625\" data-elementor-post-type=\"product\">\n\t\t\t\t<div class=\"elementor-element elementor-element-694e07af e-flex e-con-boxed e-con e-parent\" data-id=\"694e07af\" data-element_type=\"container\" data-e-type=\"container\">\n\t\t\t\t\t<div class=\"e-con-inner\">\n\t\t\t\t<div class=\"elementor-element elementor-element-a868d2b elementor-widget elementor-widget-text-editor\" data-id=\"a868d2b\" data-element_type=\"widget\" data-e-type=\"widget\" data-widget_type=\"text-editor.default\">\n\t\t\t\t<div class=\"elementor-widget-container\">\n\t\t\t\t\t\t\t\t\t\u00c7ocuklar\u0131n beyinlerini tan\u0131ma ve \u00f6\u011frenmenin n\u00f6robilimini anlama \u00fczerine tasarlanm\u0131\u015f bu e\u011fitim,\r\n\r\n-\u00e7ocu\u011funun e\u011fitim s\u00fcre\u00e7lerinde ona en iyi \u015fekilde destek olmak isteyen,\r\n\r\n-\u00e7ocu\u011funun \u00f6\u011frenme bi\u00e7imini anlamak isteyen,\r\n\r\n-\u00e7ocu\u011funun \u00f6\u011frenme s\u00fcre\u00e7lerini daha ileriye ta\u015f\u0131mak isteyen,\r\n\r\n-\u00e7ocu\u011funun \u00f6\u011frenme sorunlar\u0131n\u0131 anlamak ve \u00e7\u00f6z\u00fcm odakl\u0131 hareket etmek isteyen herkes i\u00e7in d\u00fczenlenmi\u015f bir e\u011fitimdir.\r\n\r\n&nbsp;\r\n\r\n&nbsp;\r\n\r\n&nbsp;\t\t\t\t\t\t\t\t<\/div>\n\t\t\t\t<\/div>\n\t\t\t\t\t<\/div>\n\t\t\t\t<\/div>\n\t\t<div class=\"elementor-element elementor-element-f96e1e3 e-flex e-con-boxed e-con e-parent\" data-id=\"f96e1e3\" data-element_type=\"container\" data-e-type=\"container\">\n\t\t\t\t\t<div class=\"e-con-inner\">\n\t\t\t\t<div class=\"elementor-element elementor-element-3596839 elementor-widget elementor-widget-rating\" data-id=\"3596839\" data-element_type=\"widget\" data-e-type=\"widget\" data-widget_type=\"rating.default\">\n\t\t\t\t<div class=\"elementor-widget-container\">\n\t\t\t\t\t\t\t<div class=\"e-rating\" itemtype=\"https:\/\/schema.org\/Rating\" itemscope=\"\" itemprop=\"reviewRating\">\n\t\t\t<meta itemprop=\"worstRating\" content=\"0\">\n\t\t\t<meta itemprop=\"bestRating\" content=\"5\">\n\t\t\t<div class=\"e-rating-wrapper\" itemprop=\"ratingValue\" content=\"5\" role=\"img\" aria-label=\"5 \/ 5 \u00fczerinden de\u011ferlendirildi\">\n\t\t\t\t\t\t\t<div class=\"e-icon\">\n\t\t\t\t<div class=\"e-icon-wrapper e-icon-marked\">\n\t\t\t\t\t<i aria-hidden=\"true\" class=\"eicon-star\"><\/i>\t\t\t\t<\/div>\n\t\t\t\t<div class=\"e-icon-wrapper e-icon-unmarked\">\n\t\t\t\t\t<i aria-hidden=\"true\" class=\"eicon-star\"><\/i>\t\t\t\t<\/div>\n\t\t\t<\/div>\n\t\t\t\t\t\t<div class=\"e-icon\">\n\t\t\t\t<div class=\"e-icon-wrapper e-icon-marked\">\n\t\t\t\t\t<i aria-hidden=\"true\" class=\"eicon-star\"><\/i>\t\t\t\t<\/div>\n\t\t\t\t<div class=\"e-icon-wrapper e-icon-unmarked\">\n\t\t\t\t\t<i aria-hidden=\"true\" class=\"eicon-star\"><\/i>\t\t\t\t<\/div>\n\t\t\t<\/div>\n\t\t\t\t\t\t<div class=\"e-icon\">\n\t\t\t\t<div class=\"e-icon-wrapper e-icon-marked\">\n\t\t\t\t\t<i aria-hidden=\"true\" class=\"eicon-star\"><\/i>\t\t\t\t<\/div>\n\t\t\t\t<div class=\"e-icon-wrapper e-icon-unmarked\">\n\t\t\t\t\t<i aria-hidden=\"true\" class=\"eicon-star\"><\/i>\t\t\t\t<\/div>\n\t\t\t<\/div>\n\t\t\t\t\t\t<div class=\"e-icon\">\n\t\t\t\t<div class=\"e-icon-wrapper e-icon-marked\">\n\t\t\t\t\t<i aria-hidden=\"true\" class=\"eicon-star\"><\/i>\t\t\t\t<\/div>\n\t\t\t\t<div class=\"e-icon-wrapper e-icon-unmarked\">\n\t\t\t\t\t<i aria-hidden=\"true\" class=\"eicon-star\"><\/i>\t\t\t\t<\/div>\n\t\t\t<\/div>\n\t\t\t\t\t\t<div class=\"e-icon\">\n\t\t\t\t<div class=\"e-icon-wrapper e-icon-marked\">\n\t\t\t\t\t<i aria-hidden=\"true\" class=\"eicon-star\"><\/i>\t\t\t\t<\/div>\n\t\t\t\t<div class=\"e-icon-wrapper e-icon-unmarked\">\n\t\t\t\t\t<i aria-hidden=\"true\" class=\"eicon-star\"><\/i>\t\t\t\t<\/div>\n\t\t\t<\/div>\n\t\t\t\t\t\t<\/div>\n\t\t<\/div>\n\t\t\t\t\t\t<\/div>\n\t\t\t\t<\/div>\n\t\t<div class=\"elementor-element elementor-element-88d018f e-flex e-con-boxed e-con e-child\" data-id=\"88d018f\" data-element_type=\"container\" data-e-type=\"container\">\n\t\t\t\t\t<div class=\"e-con-inner\">\n\t\t\t\t<div class=\"elementor-element elementor-element-44d9572 elementor-widget elementor-widget-heading\" data-id=\"44d9572\" data-element_type=\"widget\" data-e-type=\"widget\" data-widget_type=\"heading.default\">\n\t\t\t\t<div class=\"elementor-widget-container\">\n\t\t\t\t\t<h2 class=\"elementor-heading-title elementor-size-default\">E\u011fitim \u0130le \u0130lgili Yorumlar<\/h2>\t\t\t\t<\/div>\n\t\t\t\t<\/div>\n\t\t\t\t\t<\/div>\n\t\t\t\t<\/div>\n\t\t\t\t\t<\/div>\n\t\t\t\t<\/div>\n\t\t<div class=\"elementor-element elementor-element-57b12b6 e-flex e-con-boxed e-con e-parent\" data-id=\"57b12b6\" data-element_type=\"container\" data-e-type=\"container\">\n\t\t\t\t\t<div class=\"e-con-inner\">\n\t\t\t\t<div class=\"elementor-element elementor-element-d5ffebf elementor-testimonial--skin-default elementor-testimonial--layout-image_inline elementor-testimonial--align-center elementor-arrows-yes elementor-pagination-type-bullets elementor-widget elementor-widget-testimonial-carousel\" data-id=\"d5ffebf\" data-element_type=\"widget\" data-e-type=\"widget\" data-settings=\"{&quot;show_arrows&quot;:&quot;yes&quot;,&quot;pagination&quot;:&quot;bullets&quot;,&quot;speed&quot;:500,&quot;autoplay&quot;:&quot;yes&quot;,&quot;autoplay_speed&quot;:5000,&quot;loop&quot;:&quot;yes&quot;,&quot;pause_on_hover&quot;:&quot;yes&quot;,&quot;pause_on_interaction&quot;:&quot;yes&quot;,&quot;space_between&quot;:{&quot;unit&quot;:&quot;px&quot;,&quot;size&quot;:10,&quot;sizes&quot;:[]},&quot;space_between_tablet&quot;:{&quot;unit&quot;:&quot;px&quot;,&quot;size&quot;:10,&quot;sizes&quot;:[]},&quot;space_between_mobile_extra&quot;:{&quot;unit&quot;:&quot;px&quot;,&quot;size&quot;:10,&quot;sizes&quot;:[]},&quot;space_between_mobile&quot;:{&quot;unit&quot;:&quot;px&quot;,&quot;size&quot;:10,&quot;sizes&quot;:[]}}\" data-widget_type=\"testimonial-carousel.default\">\n\t\t\t\t<div class=\"elementor-widget-container\">\n\t\t\t\t\t\t\t\t\t<div class=\"elementor-swiper\">\n\t\t\t\t\t<div class=\"elementor-main-swiper swiper\" role=\"region\" aria-roledescription=\"carousel\" aria-label=\"Slides\">\n\t\t\t\t<div class=\"swiper-wrapper\">\n\t\t\t\t\t\t\t\t\t\t\t<div class=\"swiper-slide\" role=\"group\" aria-roledescription=\"slide\">\n\t\t\t\t\t\t\t\t\t<div class=\"elementor-testimonial\">\n\t\t\t\t\t\t\t<div class=\"elementor-testimonial__content\">\n\t\t\t\t\t<div class=\"elementor-testimonial__text\">\n\t\t\t\t\t\tE\u011fitim ger\u00e7ekten harika planlanm\u0131\u015ft\u0131. \u00d6zellikle medya taraf\u0131 harikayd\u0131. Hareketli sunumlar, videolar, k\u00fc\u00e7\u00fck quizler... Sadece \u015fu oldu; e\u011fitimin s\u00fcresi iki hafta de\u011fil 3 hafta veya 3 er saat olmal\u0131yd\u0131, \u00f6grenme problemlerinin \u00e7\u00f6z\u00fcmlerini vaka \u00e7al\u0131\u015fmalar\u0131n\u0131 yapmaya zaman kalmad\u0131 (ben ikinci dersten erken ayrildim). Dikkat eksikli\u011fi sorunun temel sebepleri, rehabilitasyonu icin konusamad\u0131k. Ben onlar\u0131 soracakt\u0131m. Ama totalde cok cok cok faydaland\u0131m. Tam istedi\u011fim e\u011fitimdi. te\u015fekk\u00fcrler Elif han\u0131m. Bir s\u00fcr\u00fc uzmandan alamad\u0131\u011f\u0131m yan\u0131tlar\u0131 ald\u0131m. Devam\u0131n\u0131 \u00e7ok isterim,  hatta ba\u015fka e\u011fitimleriniz (etkinlik temelli) olursa kesin kat\u0131l\u0131r\u0131m.\t\t\t\t\t<\/div>\n\t\t\t\t\t\t\t\t\t<\/div>\n\t\t\t\t\t\t<div class=\"elementor-testimonial__footer\">\n\t\t\t\t\t\t\t\t\t\t\t<\/div>\n\t\t<\/div>\n\t\t\t\t\t\t\t\t<\/div>\n\t\t\t\t\t\t\t\t\t\t\t<div class=\"swiper-slide\" role=\"group\" aria-roledescription=\"slide\">\n\t\t\t\t\t\t\t\t\t<div class=\"elementor-testimonial\">\n\t\t\t\t\t\t\t<div class=\"elementor-testimonial__content\">\n\t\t\t\t\t<div class=\"elementor-testimonial__text\">\n\t\t\t\t\t\tBeynimizin ne b\u00fcy\u00fck bir mucize oldugunu ilkokuldan beri \u00f6\u011frenmekte g\u00fc\u00e7l\u00fck ya\u015fad\u0131\u011f\u0131m loblar\u0131 netle\u015ftirdi\u011fim, dilimizde rahatl\u0131kla kulland\u0131\u011f\u0131m\u0131z fakat \u00f6z\u00fcmsedi\u011fim \u015fahane dili, ak\u0131c\u0131 anlat\u0131m\u0131, g\u00fczel ses tonu i\u00e7in e\u011fitim liderimize \u00e7ok te\u015fekk\u00fcr ederim. Hem e\u011fitimi hem samimiyeti i\u00e7in...\t\t\t\t\t<\/div>\n\t\t\t\t\t\t\t\t\t<\/div>\n\t\t\t\t\t\t<div class=\"elementor-testimonial__footer\">\n\t\t\t\t\t\t\t\t\t\t\t<\/div>\n\t\t<\/div>\n\t\t\t\t\t\t\t\t<\/div>\n\t\t\t\t\t\t\t\t\t\t\t<div class=\"swiper-slide\" role=\"group\" aria-roledescription=\"slide\">\n\t\t\t\t\t\t\t\t\t<div class=\"elementor-testimonial\">\n\t\t\t\t\t\t\t<div class=\"elementor-testimonial__content\">\n\t\t\t\t\t<div class=\"elementor-testimonial__text\">\n\t\t\t\t\t\tBenim i\u00e7in da\u011f\u0131n\u0131k bilgilerimin topluca bir zemine oturmas\u0131n\u0131 sa\u011flad\u0131. Kesinlikle \u00e7ok faydal\u0131 oldu.\t\t\t\t\t<\/div>\n\t\t\t\t\t\t\t\t\t<\/div>\n\t\t\t\t\t\t<div class=\"elementor-testimonial__footer\">\n\t\t\t\t\t\t\t\t\t\t\t<\/div>\n\t\t<\/div>\n\t\t\t\t\t\t\t\t<\/div>\n\t\t\t\t\t\t\t\t\t\t\t<div class=\"swiper-slide\" role=\"group\" aria-roledescription=\"slide\">\n\t\t\t\t\t\t\t\t\t<div class=\"elementor-testimonial\">\n\t\t\t\t\t\t\t<div class=\"elementor-testimonial__content\">\n\t\t\t\t\t<div class=\"elementor-testimonial__text\">\n\t\t\t\t\t\tSon zamanlarda ald\u0131\u011f\u0131m en g\u00fczel e\u011fitimdi. Eksiksiz. Sadece zaman daha uzun olmal\u0131yd\u0131 diye d\u00fc\u015f\u00fcn\u00fcyorum.\t\t\t\t\t<\/div>\n\t\t\t\t\t\t\t\t\t<\/div>\n\t\t\t\t\t\t<div class=\"elementor-testimonial__footer\">\n\t\t\t\t\t\t\t\t\t\t\t<\/div>\n\t\t<\/div>\n\t\t\t\t\t\t\t\t<\/div>\n\t\t\t\t\t\t\t\t\t\t\t<div class=\"swiper-slide\" role=\"group\" aria-roledescription=\"slide\">\n\t\t\t\t\t\t\t\t\t<div class=\"elementor-testimonial\">\n\t\t\t\t\t\t\t<div class=\"elementor-testimonial__content\">\n\t\t\t\t\t<div class=\"elementor-testimonial__text\">\n\t\t\t\t\t\tSay\u0131n hocam, \u00e7ok yararland\u0131\u011f\u0131m bir e\u011fitim oldu te\u015fekk\u00fcr ediyorum. Net anlat\u0131m\u0131n\u0131z i\u00e7in ayr\u0131ca te\u015fekk\u00fcr ederim.\t\t\t\t\t<\/div>\n\t\t\t\t\t\t\t\t\t<\/div>\n\t\t\t\t\t\t<div class=\"elementor-testimonial__footer\">\n\t\t\t\t\t\t\t\t\t\t\t<\/div>\n\t\t<\/div>\n\t\t\t\t\t\t\t\t<\/div>\n\t\t\t\t\t\t\t\t\t\t\t<div class=\"swiper-slide\" role=\"group\" aria-roledescription=\"slide\">\n\t\t\t\t\t\t\t\t\t<div class=\"elementor-testimonial\">\n\t\t\t\t\t\t\t<div class=\"elementor-testimonial__content\">\n\t\t\t\t\t<div class=\"elementor-testimonial__text\">\n\t\t\t\t\t\tKendi ad\u0131ma \u00e7ok faydal\u0131 bir e\u011fitimdi, inan\u0131lmaz keyif ald\u0131m te\u015fekk\u00fcrler.\t\t\t\t\t<\/div>\n\t\t\t\t\t\t\t\t\t<\/div>\n\t\t\t\t\t\t<div class=\"elementor-testimonial__footer\">\n\t\t\t\t\t\t\t\t\t\t\t<\/div>\n\t\t<\/div>\n\t\t\t\t\t\t\t\t<\/div>\n\t\t\t\t\t\t\t\t\t\t\t<div class=\"swiper-slide\" role=\"group\" aria-roledescription=\"slide\">\n\t\t\t\t\t\t\t\t\t<div class=\"elementor-testimonial\">\n\t\t\t\t\t\t\t<div class=\"elementor-testimonial__content\">\n\t\t\t\t\t<div class=\"elementor-testimonial__text\">\n\t\t\t\t\t\tAk\u0131c\u0131 bilgilendirici ve a\u00e7\u0131klay\u0131c\u0131 bir e\u011fitimdi.Verimli bir e\u011fitimdi.\t\t\t\t\t<\/div>\n\t\t\t\t\t\t\t\t\t<\/div>\n\t\t\t\t\t\t<div class=\"elementor-testimonial__footer\">\n\t\t\t\t\t\t\t\t\t\t\t<\/div>\n\t\t<\/div>\n\t\t\t\t\t\t\t\t<\/div>\n\t\t\t\t\t\t\t\t\t\t\t<div class=\"swiper-slide\" role=\"group\" aria-roledescription=\"slide\">\n\t\t\t\t\t\t\t\t\t<div class=\"elementor-testimonial\">\n\t\t\t\t\t\t\t<div class=\"elementor-testimonial__content\">\n\t\t\t\t\t<div class=\"elementor-testimonial__text\">\n\t\t\t\t\t\tHocam 4- 5 y\u0131ld\u0131r ald\u0131\u011f\u0131m en g\u00fczel e\u011fitimdi.. 8 y\u0131ld\u0131r pedagoga giderim ara ara. Hi\u00e7 bu kadar bilgiyi d\u00fczg\u00fcnce almam\u0131\u015ft\u0131m.. \u00c7ok te\u015fekk\u00fcrler..\n\t\t\t\t\t<\/div>\n\t\t\t\t\t\t\t\t\t<\/div>\n\t\t\t\t\t\t<div class=\"elementor-testimonial__footer\">\n\t\t\t\t\t\t\t\t\t\t\t<\/div>\n\t\t<\/div>\n\t\t\t\t\t\t\t\t<\/div>\n\t\t\t\t\t\t\t\t\t\t\t<div class=\"swiper-slide\" role=\"group\" aria-roledescription=\"slide\">\n\t\t\t\t\t\t\t\t\t<div class=\"elementor-testimonial\">\n\t\t\t\t\t\t\t<div class=\"elementor-testimonial__content\">\n\t\t\t\t\t<div class=\"elementor-testimonial__text\">\n\t\t\t\t\t\tE\u011fitimi izledim eme\u011finize sa\u011fl\u0131k \u00e7ok \u00e7ok g\u00fczeldi doyamad\u0131m izlemelere, tekrar izleyece\u011fim\u2764\ufe0f\ud83c\udf3aHep olsun l\u00fctfen\ud83e\udef6\ud83e\udef6\t\t\t\t\t<\/div>\n\t\t\t\t\t\t\t\t\t<\/div>\n\t\t\t\t\t\t<div class=\"elementor-testimonial__footer\">\n\t\t\t\t\t\t\t\t\t\t\t<\/div>\n\t\t<\/div>\n\t\t\t\t\t\t\t\t<\/div>\n\t\t\t\t\t\t\t\t\t<\/div>\n\t\t\t\t\t\t\t\t\t\t\t\t\t\t\t<div class=\"elementor-swiper-button elementor-swiper-button-prev\" role=\"button\" tabindex=\"0\" aria-label=\"Previous\">\n\t\t\t\t\t\t\t<i aria-hidden=\"true\" class=\"eicon-chevron-left\"><\/i>\t\t\t\t\t\t<\/div>\n\t\t\t\t\t\t<div class=\"elementor-swiper-button elementor-swiper-button-next\" role=\"button\" tabindex=\"0\" aria-label=\"Next\">\n\t\t\t\t\t\t\t<i aria-hidden=\"true\" class=\"eicon-chevron-right\"><\/i>\t\t\t\t\t\t<\/div>\n\t\t\t\t\t\t\t\t\t\t\t\t\t\t\t\t<div class=\"swiper-pagination\"><\/div>\n\t\t\t\t\t\t\t\t\t\t\t\t<\/div>\n\t\t\t\t<\/div>\n\t\t\t\t\t\t\t\t<\/div>\n\t\t\t\t<\/div>\n\t\t\t\t\t<\/div>\n\t\t\t\t<\/div>\n\t\t\t\t<\/div>\n\t\t","protected":false},"excerpt":{"rendered":"<p>&nbsp;<\/p>\n<p>&nbsp;<\/p>\n<p>\u00c7ocuklar\u0131n beyinlerini tan\u0131ma ve \u00f6\u011frenmenin n\u00f6robilimini anlama \u00fczerine tasarlanm\u0131\u015f bu e\u011fitim,<\/p>\n<p>-\u00e7ocu\u011funun e\u011fitim s\u00fcre\u00e7lerinde ona en iyi \u015fekilde destek olmak isteyen,<\/p>\n<p>-\u00e7ocu\u011funun \u00f6\u011frenme bi\u00e7imini anlamak isteyen,<\/p>\n<p>-\u00e7ocu\u011funun \u00f6\u011frenme s\u00fcre\u00e7lerini daha ileriye ta\u015f\u0131mak isteyen,<\/p>\n<p>-\u00e7ocu\u011funun \u00f6\u011frenme sorunlar\u0131n\u0131 anlamak ve \u00e7\u00f6z\u00fcm odakl\u0131 hareket etmek isteyen herkes i\u00e7in d\u00fczenlenmi\u015f bir e\u011fitimdir.<\/p>\n<p>&nbsp;<\/p>\n<p>E\u011fitim G\u00fcn ve Saatleri:<\/p>\n<h4>1.Hafta:<\/h4>\n<p>25 May\u0131s 2024 Cumartesi &#8211; Saat: 13:00-15:00<\/p>\n<h4>2. Hafta<\/h4>\n<p>1 Haziran 2024 Cumartesi &#8211; Saat: 13:00-15:00<\/p>\n<h4>3. Hafta<\/h4>\n<p>8 Haziran 2024 Cumartesi &#8211; Saat: 13:00-15:00<\/p>\n<p>&nbsp;<\/p>\n<p>E\u011fitim \u0130\u00e7erikleri:<\/p>\n<p>-Beynin yap\u0131s\u0131, b\u00f6l\u00fcmleri ve i\u015flevleri, n\u00f6ronlar, \u00f6\u011frenme s\u00fcreci ve ba\u011flant\u0131sall\u0131k<\/p>\n<p>-Dikkat ve haf\u0131za, haf\u0131za t\u00fcrleri<\/p>\n<p>-\u00c7ocuklar\u0131n davran\u0131\u015flar\u0131n\u0131n temelleri ve duygu d\u00fczenleme konusu<\/p>\n<p>-\u00c7ocuklarda \u00f6zd\u00fczenleme becerisi geli\u015ftirme<\/p>\n<p>-\u00d6\u011frenme g\u00fc\u00e7l\u00fckleri ve n\u00f6ro\u00e7e\u015fitlilik<\/p>\n<p>-\u00c7ocuklarda &#8220;Growth Mindset&#8221; geli\u015ftirme<\/p>\n<p>-\u00c7ocuklar\u0131m\u0131z\u0131n \u00f6\u011frenme s\u00fcre\u00e7lerine okulda ve evde destek olabilmek ve iyile\u015ftirmek i\u00e7in y\u00f6ntemler<\/p>\n<p>&nbsp;<\/p>\n<p>-Bu temel e\u011fitim ba\u015fl\u0131klar\u0131n\u0131n i\u00e7indeki pek \u00e7ok detay, bilimsel verilerle ve ya\u015fanm\u0131\u015f tecr\u00fcbelerle \u00f6rneklendirilerek ve \u00e7\u00f6z\u00fcm \u00f6nerileri g\u00f6sterilerek aktar\u0131lacakt\u0131r.<\/p>\n<p>-E\u011fitim aktif kat\u0131l\u0131ml\u0131 ve uygulamal\u0131 \u00e7al\u0131\u015fmalar i\u00e7ermektedir.<\/p>\n<p>-Soru cevap k\u0131s\u0131mlar\u0131na yer verilerek mevcut sorunlar\u0131n\u0131z i\u00e7in \u00f6neriler sunulabilecektir.<\/p>\n<p>-E\u011fitim boyunca kat\u0131l\u0131mc\u0131larla evde veya okulda uygulanabilecek dikkat ve \u00f6\u011frenme ile ilgili geli\u015ftirici egzersizler ve dok\u00fcmanlar payla\u015f\u0131lacakt\u0131r.<\/p>\n<p>&nbsp;<\/p>\n<p>\u00d6\u011frenme ve geli\u015fim s\u00fcrecindeki pek \u00e7ok bu\u011fulu konuyu daha net ve bilimsel bir bak\u0131\u015f a\u00e7\u0131s\u0131yla g\u00f6rebilece\u011finiz, \u00e7\u00f6z\u00fcm odakl\u0131 ve d\u00f6n\u00fc\u015ft\u00fcr\u00fcc\u00fc bir e\u011fitim sizi bekliyor.<\/p>\n<p><strong>Kat\u0131l\u0131mc\u0131 say\u0131s\u0131 s\u0131n\u0131rl\u0131d\u0131r.<\/strong><\/p>\n<p><strong>Herkesin kat\u0131l\u0131m\u0131na a\u00e7\u0131kt\u0131r.<\/strong><\/p>\n<p><strong>Bu e\u011fitime \u00f6zel bir indirim uygulanmaktad\u0131r.<\/strong><\/p>\n<h3 style=\"text-align: center;\"><strong><em>E\u011fitim Elif O\u011fuz taraf\u0131ndan verilecektir ve online olarak ger\u00e7ekle\u015ftirilecektir.<\/em><\/strong><\/h3>\n<p>&nbsp;<\/p>\n<p>&nbsp;<\/p>\n","protected":false},"featured_media":32626,"comment_status":"closed","ping_status":"closed","template":"","meta":[],"product_brand":[],"product_cat":[58,31],"product_tag":[],"class_list":{"0":"post-32625","1":"product","2":"type-product","3":"status-publish","4":"has-post-thumbnail","6":"product_cat-online-egitim","7":"product_cat-onlinegitim","9":"first","10":"instock","11":"sale","12":"virtual","13":"taxable","14":"purchasable","15":"product-type-simple"},"_links":{"self":[{"href":"https:\/\/alternatifegitimciler.com\/index.php?rest_route=\/wp\/v2\/product\/32625","targetHints":{"allow":["GET"]}}],"collection":[{"href":"https:\/\/alternatifegitimciler.com\/index.php?rest_route=\/wp\/v2\/product"}],"about":[{"href":"https:\/\/alternatifegitimciler.com\/index.php?rest_route=\/wp\/v2\/types\/product"}],"replies":[{"embeddable":true,"href":"https:\/\/alternatifegitimciler.com\/index.php?rest_route=%2Fwp%2Fv2%2Fcomments&post=32625"}],"version-history":[{"count":2,"href":"https:\/\/alternatifegitimciler.com\/index.php?rest_route=\/wp\/v2\/product\/32625\/revisions"}],"predecessor-version":[{"id":32629,"href":"https:\/\/alternatifegitimciler.com\/index.php?rest_route=\/wp\/v2\/product\/32625\/revisions\/32629"}],"wp:featuredmedia":[{"embeddable":true,"href":"https:\/\/alternatifegitimciler.com\/index.php?rest_route=\/wp\/v2\/media\/32626"}],"wp:attachment":[{"href":"https:\/\/alternatifegitimciler.com\/index.php?rest_route=%2Fwp%2Fv2%2Fmedia&parent=32625"}],"wp:term":[{"taxonomy":"product_brand","embeddable":true,"href":"https:\/\/alternatifegitimciler.com\/index.php?rest_route=%2Fwp%2Fv2%2Fproduct_brand&post=32625"},{"taxonomy":"product_cat","embeddable":true,"href":"https:\/\/alternatifegitimciler.com\/index.php?rest_route=%2Fwp%2Fv2%2Fproduct_cat&post=32625"},{"taxonomy":"product_tag","embeddable":true,"href":"https:\/\/alternatifegitimciler.com\/index.php?rest_route=%2Fwp%2Fv2%2Fproduct_tag&post=32625"}],"curies":[{"name":"wp","href":"https:\/\/api.w.org\/{rel}","templated":true}]}}