{"id":33245,"date":"2024-07-25T14:24:43","date_gmt":"2024-07-25T11:24:43","guid":{"rendered":"https:\/\/alternatifegitimciler.com\/?post_type=product&#038;p=33245"},"modified":"2025-02-04T12:11:14","modified_gmt":"2025-02-04T09:11:14","slug":"okudur","status":"publish","type":"product","link":"https:\/\/alternatifegitimciler.com\/?product=okudur","title":{"rendered":"OKUDUR"},"content":{"rendered":"<section class=\"elementor-section elementor-top-section elementor-element elementor-element-1aa8836 elementor-section-boxed elementor-section-height-default elementor-section-height-default\" data-id=\"1aa8836\" data-element_type=\"section\">\n<div class=\"elementor-container elementor-column-gap-default\">\n<div class=\"elementor-column elementor-col-100 elementor-top-column elementor-element elementor-element-c9aca39\" data-id=\"c9aca39\" data-element_type=\"column\">\n<div class=\"elementor-widget-wrap elementor-element-populated\">\n<div class=\"elementor-element elementor-element-9c36727 elementor-widget elementor-widget-heading\" data-id=\"9c36727\" data-element_type=\"widget\" data-widget_type=\"heading.default\">\n<div class=\"elementor-widget-container\">\n<h1>\u00c7ocuklarda, anlayarak okuma, vurgu ve tonlama yapma, do\u011fru yerlerde durarak anlam\u0131 ve anlamay\u0131 g\u00fc\u00e7lendirme konsunda becerilerini geli\u015ftirmek i\u00e7in haz\u0131rlanan D\u0130J\u0130TAL DERG\u0130D\u0130R.<\/h1>\n<\/div>\n<h1><em>D\u0130J\u0130TAL DERG\u0130D\u0130R-KARGO YOKTUR. SATIN ALDIKTAN SONRA GELEN OTOMAT\u0130K MA\u0130L \u0130LE \u0130ND\u0130R\u0130P \u00c7IKTI ALIP KULLANILIR.<\/em><\/h1>\n<\/div>\n<h3>Her metnin ses dosyas\u0131 bulunmakta ve metinde verilen y\u00f6nergelere uygun olarak metinler seslendirilmekte, \u00e7ocuklar\u0131n bu y\u00f6nlendirmelere uygun \u015fekilde okumalar\u0131 sa\u011flanmaktad\u0131r.<\/h3>\n<\/div>\n<h3>Okuma-anlama konusunda her \u00e7ocu\u011fun b\u00fcy\u00fck bir ihtiyac\u0131 olan bu \u00e7al\u0131\u015fman\u0131n \u00e7ocu\u011funuza bol fayda sa\u011flamas\u0131n\u0131 diliyoruz.<\/h3>\n<div class=\"elementor-widget-wrap elementor-element-populated\">\n<div class=\"elementor-element elementor-element-9c36727 elementor-widget elementor-widget-heading\" data-id=\"9c36727\" data-element_type=\"widget\" data-widget_type=\"heading.default\">\n<div class=\"elementor-widget-container\">\n<h3><\/h3>\n<h1><\/h1>\n<h1><\/h1>\n<h1 class=\"elementor-heading-title elementor-size-default\">Sat\u0131n alma s\u00fcreci ile ilgili \u00f6nemli bilgiler:<\/h1>\n<p>?Kredi kart\u0131 ile \u00f6deyenlerin onay\u0131 an\u0131nda verilir, sisteme girdi\u011finiz mailinize otomatik olarak indirme linki gelir.<\/p>\n<p>?Havale\/eft ile \u00f6deyenlerin onay\u0131 kontrole tabi oldu\u011fu i\u00e7in 24 saat i\u00e7inde yine sisteme girmi\u015f oldu\u011funuz mailinize gelir. Daha h\u0131zl\u0131 ula\u015fmak i\u00e7in kredi kart\u0131 y\u00f6ntemini tercih etmeniz \u00f6nerilir. Sitemizde kredi kart\u0131 bilgileriniz TUTULMAMAKTADIR.<\/p>\n<p>?Her durumda mail almakta sorun ya\u015farsan\u0131z spam\/junk maillerinizi mutlaka kontrol ediniz. Otomatik mail oldu\u011fu i\u00e7in spam maillere d\u00fc\u015febilir.<\/p>\n<p>?Sorun ya\u015fayanlar s\u0131kl\u0131kla siteye \u00fcyelikte yazd\u0131klar\u0131 mail adresini yanl\u0131\u015f yazm\u0131\u015f, farkl\u0131 mail adresi vermi\u015f veya unutmu\u015f olabiliyorlar. Siteye hangi mail adresi yazd\u0131ysan\u0131z oraya mail gelir.<\/p>\n<p>?\u00dcr\u00fcn dijitaldir, kargo yok?\u0130ndirip \u00e7\u0131kt\u0131 al\u0131p hemen kullanmaya ba\u015flayabilirsiniz.<\/p>\n<\/div>\n<\/div>\n<\/div>\n<\/div>\n<\/div>\n<\/section>\n<section class=\"elementor-section elementor-top-section elementor-element elementor-element-4c43cb5 elementor-section-boxed elementor-section-height-default elementor-section-height-default\" data-id=\"4c43cb5\" data-element_type=\"section\">\n<div class=\"elementor-container elementor-column-gap-default\">\n<div class=\"elementor-column elementor-col-100 elementor-top-column elementor-element elementor-element-343e2d5\" data-id=\"343e2d5\" data-element_type=\"column\">\n<div class=\"elementor-widget-wrap elementor-element-populated\">\n<div class=\"elementor-element elementor-element-0f08b06 elementor-widget elementor-widget-text-editor\" data-id=\"0f08b06\" data-element_type=\"widget\" data-widget_type=\"text-editor.default\">\n<div class=\"elementor-widget-container\">\n<h3>Sat\u0131n Almakla Ilgili Ya\u015fad\u0131\u011f\u0131n\u0131z Sorunlar I\u00e7in <a href=\"https:\/\/alternatifegitimciler.com\/bize-ulasin\/\">\u0130leti\u015fim<\/a> Sayfam\u0131zdan Bize Ula\u015fabilirsiniz<\/h3>\n<\/div>\n<\/div>\n<\/div>\n<\/div>\n<\/div>\n<\/section>\n","protected":false},"excerpt":{"rendered":"<p>Okuma becerilerini geli\u015ftiren, okurken anlamay\u0131, do\u011fru yerlerde durmay\u0131 ve nefes almay\u0131, metnin b\u00fct\u00fcn\u00fcn\u00fc g\u00f6rmeyi, vurgu ve tonlama yaparak okumay\u0131 \u00f6\u011freten\u00a0 seslendirmeli dijital dergi.<\/p>\n","protected":false},"featured_media":33255,"comment_status":"closed","ping_status":"closed","template":"","meta":[],"product_brand":[],"product_cat":[50,21],"product_tag":[],"class_list":{"0":"post-33245","1":"product","2":"type-product","3":"status-publish","4":"has-post-thumbnail","6":"product_cat-dergi","7":"product_cat-genel","9":"first","10":"instock","11":"sale","12":"downloadable","13":"taxable","14":"shipping-taxable","15":"purchasable","16":"product-type-simple"},"_links":{"self":[{"href":"https:\/\/alternatifegitimciler.com\/index.php?rest_route=\/wp\/v2\/product\/33245","targetHints":{"allow":["GET"]}}],"collection":[{"href":"https:\/\/alternatifegitimciler.com\/index.php?rest_route=\/wp\/v2\/product"}],"about":[{"href":"https:\/\/alternatifegitimciler.com\/index.php?rest_route=\/wp\/v2\/types\/product"}],"replies":[{"embeddable":true,"href":"https:\/\/alternatifegitimciler.com\/index.php?rest_route=%2Fwp%2Fv2%2Fcomments&post=33245"}],"version-history":[{"count":5,"href":"https:\/\/alternatifegitimciler.com\/index.php?rest_route=\/wp\/v2\/product\/33245\/revisions"}],"predecessor-version":[{"id":33297,"href":"https:\/\/alternatifegitimciler.com\/index.php?rest_route=\/wp\/v2\/product\/33245\/revisions\/33297"}],"wp:featuredmedia":[{"embeddable":true,"href":"https:\/\/alternatifegitimciler.com\/index.php?rest_route=\/wp\/v2\/media\/33255"}],"wp:attachment":[{"href":"https:\/\/alternatifegitimciler.com\/index.php?rest_route=%2Fwp%2Fv2%2Fmedia&parent=33245"}],"wp:term":[{"taxonomy":"product_brand","embeddable":true,"href":"https:\/\/alternatifegitimciler.com\/index.php?rest_route=%2Fwp%2Fv2%2Fproduct_brand&post=33245"},{"taxonomy":"product_cat","embeddable":true,"href":"https:\/\/alternatifegitimciler.com\/index.php?rest_route=%2Fwp%2Fv2%2Fproduct_cat&post=33245"},{"taxonomy":"product_tag","embeddable":true,"href":"https:\/\/alternatifegitimciler.com\/index.php?rest_route=%2Fwp%2Fv2%2Fproduct_tag&post=33245"}],"curies":[{"name":"wp","href":"https:\/\/api.w.org\/{rel}","templated":true}]}}