{"id":33425,"date":"2024-08-23T16:59:53","date_gmt":"2024-08-23T13:59:53","guid":{"rendered":"https:\/\/alternatifegitimciler.com\/?post_type=product&#038;p=33425"},"modified":"2024-08-23T17:11:25","modified_gmt":"2024-08-23T14:11:25","slug":"siyah-noktalar-pratik","status":"publish","type":"product","link":"https:\/\/alternatifegitimciler.com\/?product=siyah-noktalar-pratik","title":{"rendered":"S\u0130YAH NOKTALAR -PRAT\u0130K"},"content":{"rendered":"\t\t<div data-elementor-type=\"product-post\" data-elementor-id=\"33425\" class=\"elementor elementor-33425\" data-elementor-post-type=\"product\">\n\t\t\t\t\t\t<section class=\"elementor-section elementor-top-section elementor-element elementor-element-dfbf030 elementor-section-boxed elementor-section-height-default elementor-section-height-default\" data-id=\"dfbf030\" data-element_type=\"section\" data-e-type=\"section\">\n\t\t\t\t\t\t<div class=\"elementor-container elementor-column-gap-default\">\n\t\t\t\t\t<div class=\"elementor-column elementor-col-100 elementor-top-column elementor-element elementor-element-bb68e4e\" data-id=\"bb68e4e\" data-element_type=\"column\" data-e-type=\"column\">\n\t\t\t<div class=\"elementor-widget-wrap elementor-element-populated\">\n\t\t\t\t\t\t<div class=\"elementor-element elementor-element-545e2aa elementor-widget elementor-widget-heading\" data-id=\"545e2aa\" data-element_type=\"widget\" data-e-type=\"widget\" data-widget_type=\"heading.default\">\n\t\t\t\t<div class=\"elementor-widget-container\">\n\t\t\t\t\t<h2 class=\"elementor-heading-title elementor-size-default\">D\u0130J\u0130TAL \u0130ND\u0130R\u0130LEB\u0130L\u0130R \u00dcR\u00dcND\u00dcR. <br>KARGO YOK, BEKLMEK YOK!<\/h2>\t\t\t\t<\/div>\n\t\t\t\t<\/div>\n\t\t\t\t\t<\/div>\n\t\t<\/div>\n\t\t\t\t\t<\/div>\n\t\t<\/section>\n\t\t\t\t<section class=\"elementor-section elementor-top-section elementor-element elementor-element-5539b97 elementor-section-boxed elementor-section-height-default elementor-section-height-default\" data-id=\"5539b97\" data-element_type=\"section\" data-e-type=\"section\">\n\t\t\t\t\t\t<div class=\"elementor-container elementor-column-gap-default\">\n\t\t\t\t\t<div class=\"elementor-column elementor-col-100 elementor-top-column elementor-element elementor-element-9a56342\" data-id=\"9a56342\" data-element_type=\"column\" data-e-type=\"column\">\n\t\t\t<div class=\"elementor-widget-wrap elementor-element-populated\">\n\t\t\t\t\t\t<div class=\"elementor-element elementor-element-1dcb337 elementor-widget elementor-widget-text-editor\" data-id=\"1dcb337\" data-element_type=\"widget\" data-e-type=\"widget\" data-widget_type=\"text-editor.default\">\n\t\t\t\t<div class=\"elementor-widget-container\">\n\t\t\t\t\t\t\t\t\t<h3>Yazmay\u0131 sevdiren ve dert olmaktan \u00e7\u0131karan dijital dergi..<\/h3><div>\u00a0<\/div><div>&#8212;&#8211;KARGO YOK-BEKLEMEK YOK. SATIN AL, \u0130ND\u0130R, \u00c7IKTI AL, KULLAN!&#8212;&#8211;\u00a0<\/div><h3>\u00a0<\/h3><h3>Dergiyi edindikten sonra Telegram grubumuza kat\u0131lmay\u0131 unutmay\u0131n:)<\/h3><div>\u00a0<\/div><h3><span style=\"color: var(--tw-prose-bold); font-weight: 600; letter-spacing: 0.2px; white-space-collapse: preserve; font-family: S\u00f6hne, ui-sans-serif, system-ui, -apple-system, 'Segoe UI', Roboto, Ubuntu, Cantarell, 'Noto Sans', sans-serif, 'Helvetica Neue', Arial, 'Apple Color Emoji', 'Segoe UI Emoji', 'Segoe UI Symbol', 'Noto Color Emoji';\">Yazma ile ilgili sorunlar\u0131 \u00e7\u00f6zen dergi olarak bilinen ve \u00e7ok sevilen &#8220;Siyah Noktalar&#8221; dergisine sizin istekleriniz do\u011frultusunda bir seri daha eklendi.<\/span><\/h3><p>Temel yazma becerilerini kazanm\u0131\u015f ama rehberli yazma etkinli\u011fine ihtiya\u00e7 duyan ki\u015filer i\u00e7in, bol yazma egzersizi i\u00e7eren, y\u00fcksek kazan\u0131ml\u0131 bir dergi daha geldi.<\/p><p>\u00a0<\/p><p>Siyah Noktalar-Pratik.<\/p><p>\u00a0<\/p><p>Bu seride ad\u0131m ad\u0131m ve bol bol y\u00f6nergeli yazma \u00e7al\u0131\u015fmas\u0131 yapacaks\u0131n\u0131z. Hep istedi\u011finiz ve hep sordu\u011funuz egzersiz \u00e7al\u0131\u015fmalar\u0131n\u0131 bu seride toparlad\u0131k.<\/p><p>-42 sayfa<\/p><p>-Tamam\u0131 egzersizlerle dolu.<\/p><p>-\u0130ndirilebilir, \u00e7\u0131kt\u0131 al\u0131p kullanabilirsiniz.<\/p><div><span style=\"color: var(--tw-prose-bold); font-weight: 600; letter-spacing: 0.2px; white-space-collapse: preserve; font-family: S\u00f6hne, ui-sans-serif, system-ui, -apple-system, 'Segoe UI', Roboto, Ubuntu, Cantarell, 'Noto Sans', sans-serif, 'Helvetica Neue', Arial, 'Apple Color Emoji', 'Segoe UI Emoji', 'Segoe UI Symbol', 'Noto Color Emoji';\">\u00a0<\/span><\/div><div><span style=\"color: var(--tw-prose-bold); font-weight: 600; letter-spacing: 0.2px; white-space-collapse: preserve; font-family: S\u00f6hne, ui-sans-serif, system-ui, -apple-system, 'Segoe UI', Roboto, Ubuntu, Cantarell, 'Noto Sans', sans-serif, 'Helvetica Neue', Arial, 'Apple Color Emoji', 'Segoe UI Emoji', 'Segoe UI Symbol', 'Noto Color Emoji';\">\u00a0<\/span><\/div><div>\u00a0<\/div><p>\u00a0<\/p><div><span style=\"white-space-collapse: preserve;\">\u00a0<\/span><\/div><div><span style=\"white-space-collapse: preserve;\">Bu say\u0131y\u0131 yeti\u015fkinler de kullanabilir, ya\u015f s\u0131n\u0131r\u0131 yok.<\/span><\/div>\t\t\t\t\t\t\t\t<\/div>\n\t\t\t\t<\/div>\n\t\t\t\t\t<\/div>\n\t\t<\/div>\n\t\t\t\t\t<\/div>\n\t\t<\/section>\n\t\t<div class=\"elementor-element elementor-element-c4b7fe7 e-flex e-con-boxed e-con e-parent\" data-id=\"c4b7fe7\" data-element_type=\"container\" data-e-type=\"container\">\n\t\t\t\t\t<div class=\"e-con-inner\">\n\t\t\t\t\t<\/div>\n\t\t\t\t<\/div>\n\t\t\t\t<section class=\"elementor-section elementor-top-section elementor-element elementor-element-9412181 elementor-section-boxed elementor-section-height-default elementor-section-height-default\" data-id=\"9412181\" data-element_type=\"section\" data-e-type=\"section\">\n\t\t\t\t\t\t<div class=\"elementor-container elementor-column-gap-default\">\n\t\t\t\t\t<div class=\"elementor-column elementor-col-100 elementor-top-column elementor-element elementor-element-78dd410\" data-id=\"78dd410\" data-element_type=\"column\" data-e-type=\"column\">\n\t\t\t<div class=\"elementor-widget-wrap elementor-element-populated\">\n\t\t\t\t\t\t<div class=\"elementor-element elementor-element-69085da elementor-widget elementor-widget-heading\" data-id=\"69085da\" data-element_type=\"widget\" data-e-type=\"widget\" data-widget_type=\"heading.default\">\n\t\t\t\t<div class=\"elementor-widget-container\">\n\t\t\t\t\t<h3 class=\"elementor-heading-title elementor-size-large\">\u00d6NEML\u0130!<\/h3>\t\t\t\t<\/div>\n\t\t\t\t<\/div>\n\t\t\t\t\t<\/div>\n\t\t<\/div>\n\t\t\t\t\t<\/div>\n\t\t<\/section>\n\t\t\t\t<section class=\"elementor-section elementor-top-section elementor-element elementor-element-fcfb943 elementor-section-boxed elementor-section-height-default elementor-section-height-default\" data-id=\"fcfb943\" data-element_type=\"section\" data-e-type=\"section\">\n\t\t\t\t\t\t<div class=\"elementor-container elementor-column-gap-default\">\n\t\t\t\t\t<div class=\"elementor-column elementor-col-50 elementor-top-column elementor-element elementor-element-7db007d\" data-id=\"7db007d\" data-element_type=\"column\" data-e-type=\"column\">\n\t\t\t<div class=\"elementor-widget-wrap elementor-element-populated\">\n\t\t\t\t\t\t<div class=\"elementor-element elementor-element-daeaade elementor-widget elementor-widget-text-editor\" data-id=\"daeaade\" data-element_type=\"widget\" data-e-type=\"widget\" data-widget_type=\"text-editor.default\">\n\t\t\t\t<div class=\"elementor-widget-container\">\n\t\t\t\t\t\t\t\t\t<h4>Derginin i\u00e7eri\u011fini g\u00f6rmek i\u00e7in <a href=\"https:\/\/www.instagram.com\/alternatifegitimci\/\">@alternatifegitimci<\/a> Instagram hesab\u0131ndan \u00f6ne \u00e7\u0131kanlar\u0131 inceleyebilirsiniz.<\/h4>\t\t\t\t\t\t\t\t<\/div>\n\t\t\t\t<\/div>\n\t\t\t\t\t<\/div>\n\t\t<\/div>\n\t\t\t\t<div class=\"elementor-column elementor-col-50 elementor-top-column elementor-element elementor-element-439ca36\" data-id=\"439ca36\" data-element_type=\"column\" data-e-type=\"column\">\n\t\t\t<div class=\"elementor-widget-wrap elementor-element-populated\">\n\t\t\t\t\t\t<div class=\"elementor-element elementor-element-3134d76 elementor-widget__width-initial elementor-widget elementor-widget-image\" data-id=\"3134d76\" data-element_type=\"widget\" data-e-type=\"widget\" data-widget_type=\"image.default\">\n\t\t\t\t<div class=\"elementor-widget-container\">\n\t\t\t\t\t\t\t\t\t\t\t\t\t\t\t\t<a href=\"https:\/\/www.instagram.com\/alternatifegitimci\/\">\n\t\t\t\t\t\t\t<img fetchpriority=\"high\" decoding=\"async\" width=\"500\" height=\"500\" src=\"https:\/\/alternatifegitimciler.com\/wp-content\/uploads\/2023\/12\/telegram-kanal-qr-1-1.jpg\" class=\"attachment-large size-large wp-image-2911\" alt=\"\" srcset=\"https:\/\/alternatifegitimciler.com\/wp-content\/uploads\/2023\/12\/telegram-kanal-qr-1-1.jpg 500w, https:\/\/alternatifegitimciler.com\/wp-content\/uploads\/2023\/12\/telegram-kanal-qr-1-1-300x300.jpg 300w, https:\/\/alternatifegitimciler.com\/wp-content\/uploads\/2023\/12\/telegram-kanal-qr-1-1-150x150.jpg 150w, https:\/\/alternatifegitimciler.com\/wp-content\/uploads\/2023\/12\/telegram-kanal-qr-1-1-100x100.jpg 100w\" sizes=\"(max-width: 500px) 100vw, 500px\" \/>\t\t\t\t\t\t\t\t<\/a>\n\t\t\t\t\t\t\t\t\t\t\t\t\t\t\t<\/div>\n\t\t\t\t<\/div>\n\t\t\t\t\t<\/div>\n\t\t<\/div>\n\t\t\t\t\t<\/div>\n\t\t<\/section>\n\t\t\t\t<section class=\"elementor-section elementor-top-section elementor-element elementor-element-1808481 elementor-section-boxed elementor-section-height-default elementor-section-height-default\" data-id=\"1808481\" data-element_type=\"section\" data-e-type=\"section\">\n\t\t\t\t\t\t<div class=\"elementor-container elementor-column-gap-default\">\n\t\t\t\t\t<div class=\"elementor-column elementor-col-100 elementor-top-column elementor-element elementor-element-0fc02af\" data-id=\"0fc02af\" data-element_type=\"column\" data-e-type=\"column\">\n\t\t\t<div class=\"elementor-widget-wrap elementor-element-populated\">\n\t\t\t\t\t\t<div class=\"elementor-element elementor-element-4128549 elementor-widget elementor-widget-heading\" data-id=\"4128549\" data-element_type=\"widget\" data-e-type=\"widget\" data-widget_type=\"heading.default\">\n\t\t\t\t<div class=\"elementor-widget-container\">\n\t\t\t\t\t<h2 class=\"elementor-heading-title elementor-size-large\">Dergiyi sat\u0131n ald\u0131ktan sonra,- iste\u011fe ba\u011fl\u0131 olarak- Telegram kanal\u0131m\u0131za kat\u0131labilirsiniz. Kanalda dergideki etkinlikleri en verimli \u015fekilde nas\u0131l yapabilece\u011finizle ilgili \u00f6neriler payla\u015f\u0131l\u0131yor.<\/h2>\t\t\t\t<\/div>\n\t\t\t\t<\/div>\n\t\t\t\t\t<\/div>\n\t\t<\/div>\n\t\t\t\t\t<\/div>\n\t\t<\/section>\n\t\t\t\t<section class=\"elementor-section elementor-top-section elementor-element elementor-element-18e784b elementor-section-boxed elementor-section-height-default elementor-section-height-default\" data-id=\"18e784b\" data-element_type=\"section\" data-e-type=\"section\">\n\t\t\t\t\t\t<div class=\"elementor-container elementor-column-gap-default\">\n\t\t\t\t\t<div class=\"elementor-column elementor-col-50 elementor-top-column elementor-element elementor-element-22e5855\" data-id=\"22e5855\" data-element_type=\"column\" data-e-type=\"column\">\n\t\t\t<div class=\"elementor-widget-wrap elementor-element-populated\">\n\t\t\t\t\t\t<div class=\"elementor-element elementor-element-3a9fb49 elementor-widget__width-initial elementor-widget elementor-widget-image\" data-id=\"3a9fb49\" data-element_type=\"widget\" data-e-type=\"widget\" data-widget_type=\"image.default\">\n\t\t\t\t<div class=\"elementor-widget-container\">\n\t\t\t\t\t\t\t\t\t\t\t\t\t\t\t<img decoding=\"async\" width=\"500\" height=\"500\" src=\"https:\/\/alternatifegitimciler.com\/wp-content\/uploads\/2023\/12\/telegram-kanal-qr-1.jpg\" class=\"attachment-large size-large wp-image-2910\" alt=\"\" srcset=\"https:\/\/alternatifegitimciler.com\/wp-content\/uploads\/2023\/12\/telegram-kanal-qr-1.jpg 500w, https:\/\/alternatifegitimciler.com\/wp-content\/uploads\/2023\/12\/telegram-kanal-qr-1-300x300.jpg 300w, https:\/\/alternatifegitimciler.com\/wp-content\/uploads\/2023\/12\/telegram-kanal-qr-1-150x150.jpg 150w, https:\/\/alternatifegitimciler.com\/wp-content\/uploads\/2023\/12\/telegram-kanal-qr-1-100x100.jpg 100w\" sizes=\"(max-width: 500px) 100vw, 500px\" \/>\t\t\t\t\t\t\t\t\t\t\t\t\t\t\t<\/div>\n\t\t\t\t<\/div>\n\t\t\t\t\t<\/div>\n\t\t<\/div>\n\t\t\t\t<div class=\"elementor-column elementor-col-50 elementor-top-column elementor-element elementor-element-7cbd5b7\" data-id=\"7cbd5b7\" data-element_type=\"column\" data-e-type=\"column\">\n\t\t\t<div class=\"elementor-widget-wrap elementor-element-populated\">\n\t\t\t\t\t\t<div class=\"elementor-element elementor-element-cd9f913 elementor-widget elementor-widget-heading\" data-id=\"cd9f913\" data-element_type=\"widget\" data-e-type=\"widget\" data-widget_type=\"heading.default\">\n\t\t\t\t<div class=\"elementor-widget-container\">\n\t\t\t\t\t<h2 class=\"elementor-heading-title elementor-size-default\"><br>Yandaki karekodu telefonunuza okutarak Telegram kanal\u0131na kat\u0131labilirsiniz.<\/h2>\t\t\t\t<\/div>\n\t\t\t\t<\/div>\n\t\t\t\t\t<\/div>\n\t\t<\/div>\n\t\t\t\t\t<\/div>\n\t\t<\/section>\n\t\t\t\t<section class=\"elementor-section elementor-top-section elementor-element elementor-element-1aa8836 elementor-section-boxed elementor-section-height-default elementor-section-height-default\" data-id=\"1aa8836\" data-element_type=\"section\" data-e-type=\"section\">\n\t\t\t\t\t\t<div class=\"elementor-container elementor-column-gap-default\">\n\t\t\t\t\t<div class=\"elementor-column elementor-col-100 elementor-top-column elementor-element elementor-element-c9aca39\" data-id=\"c9aca39\" data-element_type=\"column\" data-e-type=\"column\">\n\t\t\t<div class=\"elementor-widget-wrap elementor-element-populated\">\n\t\t\t\t\t\t<div class=\"elementor-element elementor-element-9c36727 elementor-widget elementor-widget-heading\" data-id=\"9c36727\" data-element_type=\"widget\" data-e-type=\"widget\" data-widget_type=\"heading.default\">\n\t\t\t\t<div class=\"elementor-widget-container\">\n\t\t\t\t\t<h1 class=\"elementor-heading-title elementor-size-default\"><br>Sat\u0131n alma s\u00fcreci ile ilgili \u00f6nemli bilgiler:<br><br><br>\ud83c\udf38Kredi kart\u0131 ile \u00f6deyenlerin onay\u0131 an\u0131nda verilir, sisteme girdi\u011finiz mailinize otomatik olarak indirme linki gelir.<br><br>\n<br>\n\ud83c\udf38Havale\/eft ile \u00f6deyenlerin onay\u0131 kontrole tabi oldu\u011fu i\u00e7in 24 saat i\u00e7inde yine sisteme girmi\u015f oldu\u011funuz mailinize gelir. Daha h\u0131zl\u0131 ula\u015fmak i\u00e7in kredi kart\u0131 y\u00f6ntemini tercih etmeniz \u00f6nerilir. Sitemizde kredi kart\u0131 bilgileriniz TUTULMAMAKTADIR.<br><br>\n\n\ud83c\udf38Her durumda mail almakta sorun ya\u015farsan\u0131z spam\/junk maillerinizi mutlaka kontrol ediniz. Otomatik mail oldu\u011fu i\u00e7in spam maillere d\u00fc\u015febilir.<br><br>\n\n\ud83c\udf38Sorun ya\u015fayanlar s\u0131kl\u0131kla siteye \u00fcyelikte yazd\u0131klar\u0131 mail adresini yanl\u0131\u015f yazm\u0131\u015f, farkl\u0131 mail adresi vermi\u015f veya unutmu\u015f olabiliyorlar. Siteye hangi mail adresi yazd\u0131ysan\u0131z oraya mail gelir.<br><br>\n\n\ud83c\udf38\u00dcr\u00fcn dijitaldir, kargo yok\ud83d\ude43\u0130ndirip \u00e7\u0131kt\u0131 al\u0131p hemen kullanmaya ba\u015flayabilirsiniz.<br><br><br><\/h1>\t\t\t\t<\/div>\n\t\t\t\t<\/div>\n\t\t\t\t\t<\/div>\n\t\t<\/div>\n\t\t\t\t\t<\/div>\n\t\t<\/section>\n\t\t\t\t<section class=\"elementor-section elementor-top-section elementor-element elementor-element-4c43cb5 elementor-section-boxed elementor-section-height-default elementor-section-height-default\" data-id=\"4c43cb5\" data-element_type=\"section\" data-e-type=\"section\">\n\t\t\t\t\t\t<div class=\"elementor-container elementor-column-gap-default\">\n\t\t\t\t\t<div class=\"elementor-column elementor-col-100 elementor-top-column elementor-element elementor-element-343e2d5\" data-id=\"343e2d5\" data-element_type=\"column\" data-e-type=\"column\">\n\t\t\t<div class=\"elementor-widget-wrap elementor-element-populated\">\n\t\t\t\t\t\t<div class=\"elementor-element elementor-element-0f08b06 elementor-widget elementor-widget-text-editor\" data-id=\"0f08b06\" data-element_type=\"widget\" data-e-type=\"widget\" data-widget_type=\"text-editor.default\">\n\t\t\t\t<div class=\"elementor-widget-container\">\n\t\t\t\t\t\t\t\t\t<h3>Sat\u0131n almakla ilgili ya\u015fad\u0131\u011f\u0131n\u0131z sorunlar i\u00e7in <a href=\"https:\/\/alternatifegitimciler.com\/bize-ulasin\/\">\u0130leti\u015fim<\/a> sayfam\u0131zdan bize ula\u015fabilirsiniz.<\/h3>\t\t\t\t\t\t\t\t<\/div>\n\t\t\t\t<\/div>\n\t\t\t\t\t<\/div>\n\t\t<\/div>\n\t\t\t\t\t<\/div>\n\t\t<\/section>\n\t\t\t\t<\/div>\n\t\t","protected":false},"excerpt":{"rendered":"<p>D\u0130J\u0130TAL \u00dcR\u00dcND\u00dcR, KARGO YOKTUR!<\/p>\n<p>Sat\u0131n ald\u0131ktan sonra\u00a0 <a href=\"https:\/\/t.me\/AlternatifEgitimci\">buraya t\u0131klayarak<\/a> yada a\u015fa\u011f\u0131daki kodu telefonunuzdan okutarak TELEGRAM KANALIMIZA kat\u0131labilirsiniz.<\/p>\n<p><a href=\"https:\/\/alternatifegitimciler.com\/wp-content\/uploads\/2023\/12\/telegram-kanal-qr.jpg\"><img decoding=\"async\" class=\"alignnone wp-image-2907\" src=\"https:\/\/alternatifegitimciler.com\/wp-content\/uploads\/2023\/12\/telegram-kanal-qr.jpg\" alt=\"\" width=\"157\" height=\"157\" srcset=\"https:\/\/alternatifegitimciler.com\/wp-content\/uploads\/2023\/12\/telegram-kanal-qr.jpg 500w, https:\/\/alternatifegitimciler.com\/wp-content\/uploads\/2023\/12\/telegram-kanal-qr-300x300.jpg 300w, https:\/\/alternatifegitimciler.com\/wp-content\/uploads\/2023\/12\/telegram-kanal-qr-150x150.jpg 150w, https:\/\/alternatifegitimciler.com\/wp-content\/uploads\/2023\/12\/telegram-kanal-qr-100x100.jpg 100w, https:\/\/alternatifegitimciler.com\/wp-content\/uploads\/2023\/12\/telegram-kanal-qr-32x32.jpg 32w\" sizes=\"(max-width: 157px) 100vw, 157px\" \/><\/a><\/p>\n","protected":false},"featured_media":33427,"comment_status":"closed","ping_status":"closed","template":"","meta":[],"product_brand":[],"product_cat":[50,21],"product_tag":[],"class_list":{"0":"post-33425","1":"product","2":"type-product","3":"status-publish","4":"has-post-thumbnail","6":"product_cat-dergi","7":"product_cat-genel","9":"first","10":"instock","11":"sale","12":"downloadable","13":"virtual","14":"taxable","15":"purchasable","16":"product-type-simple"},"_links":{"self":[{"href":"https:\/\/alternatifegitimciler.com\/index.php?rest_route=\/wp\/v2\/product\/33425","targetHints":{"allow":["GET"]}}],"collection":[{"href":"https:\/\/alternatifegitimciler.com\/index.php?rest_route=\/wp\/v2\/product"}],"about":[{"href":"https:\/\/alternatifegitimciler.com\/index.php?rest_route=\/wp\/v2\/types\/product"}],"replies":[{"embeddable":true,"href":"https:\/\/alternatifegitimciler.com\/index.php?rest_route=%2Fwp%2Fv2%2Fcomments&post=33425"}],"version-history":[{"count":4,"href":"https:\/\/alternatifegitimciler.com\/index.php?rest_route=\/wp\/v2\/product\/33425\/revisions"}],"predecessor-version":[{"id":33431,"href":"https:\/\/alternatifegitimciler.com\/index.php?rest_route=\/wp\/v2\/product\/33425\/revisions\/33431"}],"wp:featuredmedia":[{"embeddable":true,"href":"https:\/\/alternatifegitimciler.com\/index.php?rest_route=\/wp\/v2\/media\/33427"}],"wp:attachment":[{"href":"https:\/\/alternatifegitimciler.com\/index.php?rest_route=%2Fwp%2Fv2%2Fmedia&parent=33425"}],"wp:term":[{"taxonomy":"product_brand","embeddable":true,"href":"https:\/\/alternatifegitimciler.com\/index.php?rest_route=%2Fwp%2Fv2%2Fproduct_brand&post=33425"},{"taxonomy":"product_cat","embeddable":true,"href":"https:\/\/alternatifegitimciler.com\/index.php?rest_route=%2Fwp%2Fv2%2Fproduct_cat&post=33425"},{"taxonomy":"product_tag","embeddable":true,"href":"https:\/\/alternatifegitimciler.com\/index.php?rest_route=%2Fwp%2Fv2%2Fproduct_tag&post=33425"}],"curies":[{"name":"wp","href":"https:\/\/api.w.org\/{rel}","templated":true}]}}