{"id":34011,"date":"2024-12-13T13:50:16","date_gmt":"2024-12-13T10:50:16","guid":{"rendered":"https:\/\/alternatifegitimciler.com\/?post_type=product&#038;p=34011"},"modified":"2025-09-09T17:09:36","modified_gmt":"2025-09-09T14:09:36","slug":"siyah-noktalar-buketi","status":"publish","type":"product","link":"https:\/\/alternatifegitimciler.com\/?product=siyah-noktalar-buketi","title":{"rendered":"S\u0130YAH NOKTALAR BUKET\u0130"},"content":{"rendered":"","protected":false},"excerpt":{"rendered":"<p>D\u0130J\u0130TALD\u0130R, SATIN ALDIKTAN SONRA GELEN MA\u0130L \u0130LE \u0130ND\u0130R\u0130P \u00c7IKTI ALINARAK KULLANILIR.<\/p>\n<p>KARGO YOKTUR.<\/p>\n<p>SATIN ALDIKTAN SONRA HESABINIZDAN S\u00dcRES\u0130Z \u015eEK\u0130LDE ULA\u015eAB\u0130L\u0130RS\u0130N\u0130Z.<\/p>\n<p>Bu 3 seti bir arada alarak yazma sorunlar\u0131n\u0131n \u00fcstesinden gelebilirisiniz.<\/p>\n","protected":false},"featured_media":34014,"comment_status":"closed","ping_status":"closed","template":"","meta":[],"product_brand":[],"product_cat":[50,21],"product_tag":[],"class_list":{"0":"post-34011","1":"product","2":"type-product","3":"status-publish","4":"has-post-thumbnail","6":"product_cat-dergi","7":"product_cat-genel","9":"first","10":"instock","11":"sale","12":"downloadable","13":"virtual","14":"taxable","15":"purchasable","16":"product-type-simple"},"_links":{"self":[{"href":"https:\/\/alternatifegitimciler.com\/index.php?rest_route=\/wp\/v2\/product\/34011","targetHints":{"allow":["GET"]}}],"collection":[{"href":"https:\/\/alternatifegitimciler.com\/index.php?rest_route=\/wp\/v2\/product"}],"about":[{"href":"https:\/\/alternatifegitimciler.com\/index.php?rest_route=\/wp\/v2\/types\/product"}],"replies":[{"embeddable":true,"href":"https:\/\/alternatifegitimciler.com\/index.php?rest_route=%2Fwp%2Fv2%2Fcomments&post=34011"}],"version-history":[{"count":3,"href":"https:\/\/alternatifegitimciler.com\/index.php?rest_route=\/wp\/v2\/product\/34011\/revisions"}],"predecessor-version":[{"id":35128,"href":"https:\/\/alternatifegitimciler.com\/index.php?rest_route=\/wp\/v2\/product\/34011\/revisions\/35128"}],"wp:featuredmedia":[{"embeddable":true,"href":"https:\/\/alternatifegitimciler.com\/index.php?rest_route=\/wp\/v2\/media\/34014"}],"wp:attachment":[{"href":"https:\/\/alternatifegitimciler.com\/index.php?rest_route=%2Fwp%2Fv2%2Fmedia&parent=34011"}],"wp:term":[{"taxonomy":"product_brand","embeddable":true,"href":"https:\/\/alternatifegitimciler.com\/index.php?rest_route=%2Fwp%2Fv2%2Fproduct_brand&post=34011"},{"taxonomy":"product_cat","embeddable":true,"href":"https:\/\/alternatifegitimciler.com\/index.php?rest_route=%2Fwp%2Fv2%2Fproduct_cat&post=34011"},{"taxonomy":"product_tag","embeddable":true,"href":"https:\/\/alternatifegitimciler.com\/index.php?rest_route=%2Fwp%2Fv2%2Fproduct_tag&post=34011"}],"curies":[{"name":"wp","href":"https:\/\/api.w.org\/{rel}","templated":true}]}}