{"id":34417,"date":"2025-01-29T20:03:57","date_gmt":"2025-01-29T17:03:57","guid":{"rendered":"https:\/\/alternatifegitimciler.com\/?post_type=product&#038;p=34417"},"modified":"2025-01-29T20:20:06","modified_gmt":"2025-01-29T17:20:06","slug":"okunakli-yazmaya-destek-egitimi-8-02-2025","status":"publish","type":"product","link":"https:\/\/alternatifegitimciler.com\/?product=okunakli-yazmaya-destek-egitimi-8-02-2025","title":{"rendered":"OKUNAKLI YAZMAYA DESTEK E\u011e\u0130T\u0130M\u0130 8.02.2025"},"content":{"rendered":"","protected":false},"excerpt":{"rendered":"<div>\n<p>Bu e\u011fitimde;<\/p>\n<p>-\u00f6\u011frencilerin kalem tutma, yaz\u0131 yazma sorunlar\u0131n\u0131n tespitini yapabilme<\/p>\n<p>-bu sorunlar\u0131n kayna\u011f\u0131n\u0131 bulabilme,<\/p>\n<p>-yazma sorunlar\u0131n\u0131n giderilmesi konusunda destek \u00e7al\u0131\u015fmalar\u0131 yapt\u0131rabilme konular\u0131nda fark\u0131ndal\u0131k kazanma<\/p>\n<p>yetkinlikleri kazanacaks\u0131n\u0131z.<\/p>\n<p>&nbsp;<\/p>\n<\/div>\n<p>\u00d6rnek \u00e7al\u0131\u015fmalar ve uygulamalarla \u00e7ocu\u011funuzun, \u00f6\u011frencinizin veya kendinizin mevcut yazma sorunlar\u0131n\u0131n tespit edebilir, \u00e7\u00f6z\u00fcmler \u00fcretebilir hale geleceksiniz.<\/p>\n<p>&nbsp;<\/p>\n<p><strong>E\u011fitim tarihi:<\/strong><\/p>\n<p>08.02.2025 Cumartesi<\/p>\n<p><strong>E\u011fitim saati: <\/strong><\/p>\n<p>11.00-14:00 aras\u0131<\/p>\n<p><strong>E\u011fitmen:<\/strong><\/p>\n<p>Elif O\u011fuz<\/p>\n<p><strong>**E\u011e\u0130T\u0130M ONL\u0130NE OLARAK GER\u00c7EKLE\u015eT\u0130R\u0130LECEKT\u0130R.**<\/strong><\/p>\n","protected":false},"featured_media":34420,"comment_status":"closed","ping_status":"closed","template":"","meta":[],"product_brand":[],"product_cat":[58],"product_tag":[],"class_list":{"0":"post-34417","1":"product","2":"type-product","3":"status-publish","4":"has-post-thumbnail","6":"product_cat-online-egitim","8":"first","9":"instock","10":"sale","11":"virtual","12":"taxable","13":"purchasable","14":"product-type-simple"},"_links":{"self":[{"href":"https:\/\/alternatifegitimciler.com\/index.php?rest_route=\/wp\/v2\/product\/34417","targetHints":{"allow":["GET"]}}],"collection":[{"href":"https:\/\/alternatifegitimciler.com\/index.php?rest_route=\/wp\/v2\/product"}],"about":[{"href":"https:\/\/alternatifegitimciler.com\/index.php?rest_route=\/wp\/v2\/types\/product"}],"replies":[{"embeddable":true,"href":"https:\/\/alternatifegitimciler.com\/index.php?rest_route=%2Fwp%2Fv2%2Fcomments&post=34417"}],"version-history":[{"count":2,"href":"https:\/\/alternatifegitimciler.com\/index.php?rest_route=\/wp\/v2\/product\/34417\/revisions"}],"predecessor-version":[{"id":34421,"href":"https:\/\/alternatifegitimciler.com\/index.php?rest_route=\/wp\/v2\/product\/34417\/revisions\/34421"}],"wp:featuredmedia":[{"embeddable":true,"href":"https:\/\/alternatifegitimciler.com\/index.php?rest_route=\/wp\/v2\/media\/34420"}],"wp:attachment":[{"href":"https:\/\/alternatifegitimciler.com\/index.php?rest_route=%2Fwp%2Fv2%2Fmedia&parent=34417"}],"wp:term":[{"taxonomy":"product_brand","embeddable":true,"href":"https:\/\/alternatifegitimciler.com\/index.php?rest_route=%2Fwp%2Fv2%2Fproduct_brand&post=34417"},{"taxonomy":"product_cat","embeddable":true,"href":"https:\/\/alternatifegitimciler.com\/index.php?rest_route=%2Fwp%2Fv2%2Fproduct_cat&post=34417"},{"taxonomy":"product_tag","embeddable":true,"href":"https:\/\/alternatifegitimciler.com\/index.php?rest_route=%2Fwp%2Fv2%2Fproduct_tag&post=34417"}],"curies":[{"name":"wp","href":"https:\/\/api.w.org\/{rel}","templated":true}]}}