{"id":34450,"date":"2025-02-03T14:29:37","date_gmt":"2025-02-03T11:29:37","guid":{"rendered":"https:\/\/alternatifegitimciler.com\/?post_type=product&#038;p=34450"},"modified":"2025-02-03T14:58:45","modified_gmt":"2025-02-03T11:58:45","slug":"homeschoolhome-1-sayi","status":"publish","type":"product","link":"https:\/\/alternatifegitimciler.com\/?product=homeschoolhome-1-sayi","title":{"rendered":"HOMESCHOOLHOME-1.SAYI"},"content":{"rendered":"\t\t<div data-elementor-type=\"product-post\" data-elementor-id=\"34450\" class=\"elementor elementor-34450\" data-elementor-post-type=\"product\">\n\t\t\t\t<div role=\"region\" aria-labelledby=\"e-n-accordion-item-2400\" class=\"elementor-element elementor-element-5326501b e-flex e-con-boxed e-con e-parent\" data-id=\"5326501b\" data-element_type=\"container\" data-e-type=\"container\">\n\t\t\t\t\t<div class=\"e-con-inner\">\n\t\t\t\t<div class=\"elementor-element elementor-element-221f67cb elementor-widget elementor-widget-text-editor\" data-id=\"221f67cb\" data-element_type=\"widget\" data-e-type=\"widget\" data-widget_type=\"text-editor.default\">\n\t\t\t\t<div class=\"elementor-widget-container\">\n\t\t\t\t\t\t\t\t\t<p>Kre\u015f ve anaokulu \u00fccretlerinin astronomik rakamlara ula\u015ft\u0131\u011f\u0131 bu d\u00f6nemde, \u00e7ocu\u011funu ilkokula kadar evde b\u00fcy\u00fcten ebeveynlere e\u011fitsel anlamda destek olmak i\u00e7in olu\u015fturdu\u011fumuz bu i\u00e7erik, kre\u015fi evinize getirecek.<\/p><p>\u00a0<\/p><p>\u00a0<\/p><p>\u00a0<\/p><p>Her ay farkl\u0131 bir temayla haz\u0131rlanan bu i\u00e7eri\u011fi bir ay boyunca \u00e7ocuklar\u0131n\u0131zla evde uygulayabilir, kaliteli ve verimli vakit ge\u00e7irebilirsiniz.<\/p><p>\u00a0<\/p><p>Her say\u0131da geli\u015fen ve g\u00fcncellenen online dergimizin i\u00e7erikleri, \u00e7ocu\u011funuzun geli\u015fimi i\u00e7in ihtiya\u00e7 duyaca\u011f\u0131n\u0131z pek \u00e7ok ba\u015fl\u0131kta size yol g\u00f6steriyor.<\/p><p>\u00a0<\/p><p>\u00a0<\/p>\t\t\t\t\t\t\t\t<\/div>\n\t\t\t\t<\/div>\n\t\t\t\t\t<\/div>\n\t\t\t\t<\/div>\n\t\t<div role=\"region\" aria-labelledby=\"e-n-accordion-item-2400\" class=\"elementor-element elementor-element-90b7a71 e-flex e-con-boxed e-con e-parent\" data-id=\"90b7a71\" data-element_type=\"container\" data-e-type=\"container\">\n\t\t\t\t\t<div class=\"e-con-inner\">\n\t\t\t\t<div class=\"elementor-element elementor-element-643d37d elementor-widget__width-initial elementor-widget elementor-widget-video\" data-id=\"643d37d\" data-element_type=\"widget\" data-e-type=\"widget\" data-settings=\"{&quot;video_type&quot;:&quot;hosted&quot;,&quot;controls&quot;:&quot;yes&quot;}\" data-widget_type=\"video.default\">\n\t\t\t\t<div class=\"elementor-widget-container\">\n\t\t\t\t\t\t\t<div class=\"e-hosted-video elementor-wrapper elementor-open-inline\">\n\t\t\t\t\t<video class=\"elementor-video\" src=\"https:\/\/alternatifegitimciler.com\/wp-content\/uploads\/2025\/02\/hsh-1.dergi_.mov\" controls=\"\" preload=\"metadata\" controlsList=\"nodownload\" poster=\"https:\/\/alternatifegitimciler.com\/wp-content\/uploads\/2025\/02\/hsh2025-1.pdf.jpg\"><\/video>\n\t\t\t\t<\/div>\n\t\t\t\t\t\t<\/div>\n\t\t\t\t<\/div>\n\t\t\t\t\t<\/div>\n\t\t\t\t<\/div>\n\t\t\t\t<\/div>\n\t\t","protected":false},"excerpt":{"rendered":"<p>ONL\u0130NE \u0130\u00c7ER\u0130KT\u0130R. KARGOSU YOKTUR.<\/p>\n<p>Sat\u0131n ald\u0131ktan sonra size gelen maildeki linke t\u0131klayarak indirip, \u00e7\u0131kt\u0131 al\u0131p kullanmaya ba\u015flayabilirsiniz.<\/p>\n","protected":false},"featured_media":34452,"comment_status":"closed","ping_status":"closed","template":"","meta":[],"product_brand":[],"product_cat":[50,29],"product_tag":[],"class_list":{"0":"post-34450","1":"product","2":"type-product","3":"status-publish","4":"has-post-thumbnail","6":"product_cat-dergi","7":"product_cat-hsh","9":"first","10":"instock","11":"sale","12":"downloadable","13":"virtual","14":"taxable","15":"purchasable","16":"product-type-simple"},"_links":{"self":[{"href":"https:\/\/alternatifegitimciler.com\/index.php?rest_route=\/wp\/v2\/product\/34450","targetHints":{"allow":["GET"]}}],"collection":[{"href":"https:\/\/alternatifegitimciler.com\/index.php?rest_route=\/wp\/v2\/product"}],"about":[{"href":"https:\/\/alternatifegitimciler.com\/index.php?rest_route=\/wp\/v2\/types\/product"}],"replies":[{"embeddable":true,"href":"https:\/\/alternatifegitimciler.com\/index.php?rest_route=%2Fwp%2Fv2%2Fcomments&post=34450"}],"version-history":[{"count":5,"href":"https:\/\/alternatifegitimciler.com\/index.php?rest_route=\/wp\/v2\/product\/34450\/revisions"}],"predecessor-version":[{"id":34459,"href":"https:\/\/alternatifegitimciler.com\/index.php?rest_route=\/wp\/v2\/product\/34450\/revisions\/34459"}],"wp:featuredmedia":[{"embeddable":true,"href":"https:\/\/alternatifegitimciler.com\/index.php?rest_route=\/wp\/v2\/media\/34452"}],"wp:attachment":[{"href":"https:\/\/alternatifegitimciler.com\/index.php?rest_route=%2Fwp%2Fv2%2Fmedia&parent=34450"}],"wp:term":[{"taxonomy":"product_brand","embeddable":true,"href":"https:\/\/alternatifegitimciler.com\/index.php?rest_route=%2Fwp%2Fv2%2Fproduct_brand&post=34450"},{"taxonomy":"product_cat","embeddable":true,"href":"https:\/\/alternatifegitimciler.com\/index.php?rest_route=%2Fwp%2Fv2%2Fproduct_cat&post=34450"},{"taxonomy":"product_tag","embeddable":true,"href":"https:\/\/alternatifegitimciler.com\/index.php?rest_route=%2Fwp%2Fv2%2Fproduct_tag&post=34450"}],"curies":[{"name":"wp","href":"https:\/\/api.w.org\/{rel}","templated":true}]}}