{"id":34759,"date":"2025-04-28T10:45:13","date_gmt":"2025-04-28T07:45:13","guid":{"rendered":"https:\/\/alternatifegitimciler.com\/?post_type=product&#038;p=34759"},"modified":"2025-04-28T10:46:00","modified_gmt":"2025-04-28T07:46:00","slug":"kampanya-yazili-gosteri","status":"publish","type":"product","link":"https:\/\/alternatifegitimciler.com\/?product=kampanya-yazili-gosteri","title":{"rendered":"KAMPANYA YAZILI G\u00d6STER\u0130"},"content":{"rendered":"<p>-Temel yazma kurallar\u0131nda sorunu olmay\u0131p, yazma kalitesini geli\u015ftirmek ve yaz\u0131s\u0131n\u0131 okunakl\u0131 hale getirmek isteyenler i\u00e7in kampanyal\u0131 set<\/p>\n<p>&#8211; 2 adet dijital dergi. \u0130ndirip \u00e7\u0131kt\u0131 al\u0131p kullan\u0131l\u0131r.<\/p>\n<p>-T\u00fcm sayfalar siyah beyaz<\/p>\n<p>-Kargo yoktur. \u0130\u00e7erik pdf olarak ula\u015f\u0131r.<\/p>\n","protected":false},"excerpt":{"rendered":"<p>Onbinlerce kullan\u0131c\u0131s\u0131 olan ve okunakl\u0131 yazma konusunda kendini ispatlam\u0131\u015f S\u0130YAH NOKTALAR DERG\u0130LER\u0130 serisinin 2. a\u015famas\u0131n\u0131 i\u00e7eren ve bol pratik egzersizler bar\u0131nd\u0131ran iki dergi birlikte kampanyada&#8230;<\/p>\n<p>&nbsp;<\/p>\n<p>Siyah Noktalar 2 ve Siyah Noktalar Pratik dergileri ile, temel yazma algoritmas\u0131nda sorunu olmayan, ancak yaz\u0131 karakteri, yazma stili konular\u0131nda sorun ya\u015fayan ve okunakl\u0131 yazamayan, yaz\u0131s\u0131 okunmayan ki\u015filer, bu sorunlar\u0131n\u0131 iyile\u015ftirebilirler.<\/p>\n<p>&nbsp;<\/p>\n<p>&nbsp;<\/p>\n","protected":false},"featured_media":34760,"comment_status":"closed","ping_status":"closed","template":"","meta":[],"product_brand":[],"product_cat":[50,21],"product_tag":[],"class_list":{"0":"post-34759","1":"product","2":"type-product","3":"status-publish","4":"has-post-thumbnail","6":"product_cat-dergi","7":"product_cat-genel","9":"first","10":"instock","11":"sale","12":"downloadable","13":"virtual","14":"taxable","15":"purchasable","16":"product-type-simple"},"_links":{"self":[{"href":"https:\/\/alternatifegitimciler.com\/index.php?rest_route=\/wp\/v2\/product\/34759","targetHints":{"allow":["GET"]}}],"collection":[{"href":"https:\/\/alternatifegitimciler.com\/index.php?rest_route=\/wp\/v2\/product"}],"about":[{"href":"https:\/\/alternatifegitimciler.com\/index.php?rest_route=\/wp\/v2\/types\/product"}],"replies":[{"embeddable":true,"href":"https:\/\/alternatifegitimciler.com\/index.php?rest_route=%2Fwp%2Fv2%2Fcomments&post=34759"}],"version-history":[{"count":1,"href":"https:\/\/alternatifegitimciler.com\/index.php?rest_route=\/wp\/v2\/product\/34759\/revisions"}],"predecessor-version":[{"id":34761,"href":"https:\/\/alternatifegitimciler.com\/index.php?rest_route=\/wp\/v2\/product\/34759\/revisions\/34761"}],"wp:featuredmedia":[{"embeddable":true,"href":"https:\/\/alternatifegitimciler.com\/index.php?rest_route=\/wp\/v2\/media\/34760"}],"wp:attachment":[{"href":"https:\/\/alternatifegitimciler.com\/index.php?rest_route=%2Fwp%2Fv2%2Fmedia&parent=34759"}],"wp:term":[{"taxonomy":"product_brand","embeddable":true,"href":"https:\/\/alternatifegitimciler.com\/index.php?rest_route=%2Fwp%2Fv2%2Fproduct_brand&post=34759"},{"taxonomy":"product_cat","embeddable":true,"href":"https:\/\/alternatifegitimciler.com\/index.php?rest_route=%2Fwp%2Fv2%2Fproduct_cat&post=34759"},{"taxonomy":"product_tag","embeddable":true,"href":"https:\/\/alternatifegitimciler.com\/index.php?rest_route=%2Fwp%2Fv2%2Fproduct_tag&post=34759"}],"curies":[{"name":"wp","href":"https:\/\/api.w.org\/{rel}","templated":true}]}}